{"id":1482,"date":"2022-03-21T15:39:46","date_gmt":"2022-03-21T15:39:46","guid":{"rendered":"https:\/\/kaffen-demo.bslthemes.com\/?page_id=17"},"modified":"2024-12-28T04:46:32","modified_gmt":"2024-12-28T03:46:32","slug":"home-2","status":"publish","type":"page","link":"https:\/\/www.cafe-bernstein.berlin\/de\/","title":{"rendered":"Startseite"},"content":{"rendered":"<div data-elementor-type=\"wp-page\" data-elementor-id=\"1482\" class=\"elementor elementor-1482\">\n\t\t\t\t\t\t<section class=\"elementor-section elementor-top-section elementor-element elementor-element-0c4bf94 elementor-section-full_width elementor-section-height-default elementor-section-height-default\" data-id=\"0c4bf94\" data-element_type=\"section\">\n\t\t\t\t\t\t<div class=\"elementor-container elementor-column-gap-no\">\n\t\t\t\t\t<div class=\"elementor-column elementor-col-100 elementor-top-column elementor-element elementor-element-7e9ea27\" data-id=\"7e9ea27\" data-element_type=\"column\">\n\t\t\t<div class=\"elementor-widget-wrap elementor-element-populated\">\n\t\t\t\t\t\t<div class=\"elementor-element elementor-element-a57e8af elementor-widget elementor-widget-kaffen-hero-slider\" data-id=\"a57e8af\" data-element_type=\"widget\" data-widget_type=\"kaffen-hero-slider.default\">\n\t\t\t\t<div class=\"elementor-widget-container\">\n\t\t\t\t\t\n\t\t\t\t<!-- Section Started Slider -->\n\t\t<section class=\"section kf-started-slider\">\n\t\t\t<div class=\"swiper-container\" data-autoplay=\"9000\">\n\t\t\t\t<div class=\"swiper-wrapper\">\n\t\t\t\t\t\t\t\t\t\t<div class=\"swiper-slide\" data-swiper-autoplay>\n\n\t\t\t\t\t\t<div class=\"kf-started-item\">\n\t\t\t\t\t\t\t\t\t\t\t\t\t\t<div class=\"slide js-parallax\" style=\"background-image: url('https:\/\/www.cafe-bernstein.berlin\/wp-content\/uploads\/2024\/11\/ML1A3496-scaled.jpg');\"><\/div>\n\t\t\t\t\t\t\t\t\t\t\t\t\t\t<div class=\"container\">\n\t\t\t\t\t\t\t\t<div class=\"description align-center element-anim-1\">\n\t\t\t\t\t\t\t\t\t\t\t\t\t\t\t\t\t\t<div class=\"subtitles\">\n\t\t\t\t\t\t\t\t\t\t<div >\n\t\t\t\t\t\t\t\t\t\t\t<p>Willkommen bei<\/p>\t\t\t\t\t\t\t\t\t\t<\/div>\n\t\t\t\t\t\t\t\t\t<\/div>\n\t\t\t\t\t\t\t\t\t\t\t\t\t\t\t\t\t\t\t\t\t\t\t\t\t\t\t<div class=\"name text-anim-1\" data-splitting=\"chars\">\n\t\t\t\t\t\t\t\t\t\t<span >\n\t\t\t\t\t\t\t\t\t\t\tCafe<br>Bernstein\t\t\t\t\t\t\t\t\t\t<\/span>\n\t\t\t\t\t\t\t\t\t<\/div>\n\t\t\t\t\t\t\t\t\t\t\t\t\t\t\t\t\t\t\t\t\t\t\t\t\t\t\t<div class=\"kf-bts\">\n\t\t\t\t\t\t\t\t\t\t\t\t\t\t\t\t\t\t\t\t<a  href=\"\/de\/about\/\" class=\"kf-btn\">\n\t\t\t\t\t\t\t\t\t\t\t<span >Erfahre mehr<\/span>\n\t\t\t\t\t\t\t\t\t\t\t<i class=\"fas fa-chevron-right\"><\/i>\n\t\t\t\t\t\t\t\t\t\t<\/a>\n\t\t\t\t\t\t\t\t\t\t\t\t\t\t\t\t\t\t\t\t\t\t\t\t\t\t\t\t\t\t<a  href=\"\/de\/menu\/\" class=\"kf-btn dark-btn\">\n\t\t\t\t\t\t\t\t\t\t\t<span >zum Menu<\/span>\n\t\t\t\t\t\t\t\t\t\t\t<i class=\"fas fa-chevron-right\"><\/i>\n\t\t\t\t\t\t\t\t\t\t<\/a>\n\t\t\t\t\t\t\t\t\t\t\t\t\t\t\t\t\t\t\t<\/div>\n\t\t\t\t\t\t\t\t\t\t\t\t\t\t\t\t\t<\/div>\n\t\t\t\t\t\t\t<\/div>\n\t\t\t\t\t\t<\/div>\n\n\t\t\t\t\t<\/div>\n\t\t\t\t\t\t\t\t\t\t<div class=\"swiper-slide\" data-swiper-autoplay>\n\n\t\t\t\t\t\t<div class=\"kf-started-item\">\n\t\t\t\t\t\t\t\t\t\t\t\t\t\t<div class=\"slide js-parallax\" style=\"background-image: url('https:\/\/www.cafe-bernstein.berlin\/wp-content\/uploads\/2024\/11\/ML1A3747-scaled.jpg');\"><\/div>\n\t\t\t\t\t\t\t\t\t\t\t\t\t\t<div class=\"container\">\n\t\t\t\t\t\t\t\t<div class=\"description align-center element-anim-1\">\n\t\t\t\t\t\t\t\t\t\t\t\t\t\t\t\t\t\t<div class=\"subtitles\">\n\t\t\t\t\t\t\t\t\t\t<div >\n\t\t\t\t\t\t\t\t\t\t\t<p>Willkommen bei<\/p>\t\t\t\t\t\t\t\t\t\t<\/div>\n\t\t\t\t\t\t\t\t\t<\/div>\n\t\t\t\t\t\t\t\t\t\t\t\t\t\t\t\t\t\t\t\t\t\t\t\t\t\t\t<div class=\"name text-anim-1\" data-splitting=\"chars\">\n\t\t\t\t\t\t\t\t\t\t<span >\n\t\t\t\t\t\t\t\t\t\t\tCafe<br>Bernstein\t\t\t\t\t\t\t\t\t\t<\/span>\n\t\t\t\t\t\t\t\t\t<\/div>\n\t\t\t\t\t\t\t\t\t\t\t\t\t\t\t\t\t\t\t\t\t\t\t\t\t\t<\/div>\n\t\t\t\t\t\t\t<\/div>\n\t\t\t\t\t\t<\/div>\n\n\t\t\t\t\t<\/div>\n\t\t\t\t\t\t\t\t\t\t<div class=\"swiper-slide\" data-swiper-autoplay>\n\n\t\t\t\t\t\t<div class=\"kf-started-item\">\n\t\t\t\t\t\t\t\t\t\t\t\t\t\t<div class=\"slide js-parallax\" style=\"background-image: url('https:\/\/www.cafe-bernstein.berlin\/wp-content\/uploads\/2024\/11\/ML1A3112-scaled.jpg');\"><\/div>\n\t\t\t\t\t\t\t\t\t\t\t\t\t\t<div class=\"container\">\n\t\t\t\t\t\t\t\t<div class=\"description align-center element-anim-1\">\n\t\t\t\t\t\t\t\t\t\t\t\t\t\t\t\t\t\t<div class=\"subtitles\">\n\t\t\t\t\t\t\t\t\t\t<div >\n\t\t\t\t\t\t\t\t\t\t\t<p>Willkommen bei<\/p>\t\t\t\t\t\t\t\t\t\t<\/div>\n\t\t\t\t\t\t\t\t\t<\/div>\n\t\t\t\t\t\t\t\t\t\t\t\t\t\t\t\t\t\t\t\t\t\t\t\t\t\t\t<div class=\"name text-anim-1\" data-splitting=\"chars\">\n\t\t\t\t\t\t\t\t\t\t<span >\n\t\t\t\t\t\t\t\t\t\t\tCafe<br>Bernstein\t\t\t\t\t\t\t\t\t\t<\/span>\n\t\t\t\t\t\t\t\t\t<\/div>\n\t\t\t\t\t\t\t\t\t\t\t\t\t\t\t\t\t\t\t\t\t\t\t\t\t\t<\/div>\n\t\t\t\t\t\t\t<\/div>\n\t\t\t\t\t\t<\/div>\n\n\t\t\t\t\t<\/div>\n\t\t\t\t\t\t\t\t\t<\/div>\n\n\t\t\t\t<div class=\"swiper-button-prev\"><\/div>\n\t\t\t\t<div class=\"swiper-button-next\"><\/div>\n\n\t\t\t<\/div>\n\t\t<\/section>\n\n\t\t\n\t\t\t\t\t\t<\/div>\n\t\t\t\t<\/div>\n\t\t\t\t\t<\/div>\n\t\t<\/div>\n\t\t\t\t\t<\/div>\n\t\t<\/section>\n\t\t\t\t<section class=\"elementor-section elementor-top-section elementor-element elementor-element-6675435 elementor-section-full_width elementor-section-height-default elementor-section-height-default\" data-id=\"6675435\" data-element_type=\"section\" data-settings=\"{&quot;background_background&quot;:&quot;classic&quot;}\">\n\t\t\t\t\t\t<div class=\"elementor-container elementor-column-gap-no\">\n\t\t\t\t\t<div class=\"elementor-column elementor-col-100 elementor-top-column elementor-element elementor-element-a2ce3c3\" data-id=\"a2ce3c3\" data-element_type=\"column\">\n\t\t\t<div class=\"elementor-widget-wrap\">\n\t\t\t\t\t\t\t<\/div>\n\t\t<\/div>\n\t\t\t\t\t<\/div>\n\t\t<\/section>\n\t\t\t\t<section class=\"elementor-section elementor-top-section elementor-element elementor-element-ace2889 elementor-section-full_width elementor-section-height-default elementor-section-height-default\" data-id=\"ace2889\" data-element_type=\"section\" data-settings=\"{&quot;background_background&quot;:&quot;classic&quot;}\">\n\t\t\t\t\t\t<div class=\"elementor-container elementor-column-gap-no\">\n\t\t\t\t\t<div class=\"elementor-column elementor-col-100 elementor-top-column elementor-element elementor-element-bb07185\" data-id=\"bb07185\" data-element_type=\"column\">\n\t\t\t<div class=\"elementor-widget-wrap elementor-element-populated\">\n\t\t\t\t\t\t<div class=\"elementor-element elementor-element-b204d54 elementor-widget elementor-widget-kaffen-services\" data-id=\"b204d54\" data-element_type=\"widget\" data-widget_type=\"kaffen-services.default\">\n\t\t\t\t<div class=\"elementor-widget-container\">\n\t\t\t\t\t\n    <!-- Section Services -->\n    <section class=\"section kf-services\">\n      <div class=\"container\">\n\t\t\t\t\n                <div class=\"kf-services-items row\">\n                    <div class=\"col-xs-12 col-sm-12 col-md-12 col-lg-4\">\n            <div class=\"kf-services-item element-anim-1 scroll-animate\" data-animate=\"active\">\n                            <div class=\"image kf-image-hover\">\n                <a  href=\"\/de\/menu\/\">                  <img decoding=\"async\" src=\"https:\/\/www.cafe-bernstein.berlin\/wp-content\/uploads\/2022\/03\/service1.jpg\" alt=\"Menu\" \/>\n                <\/a>              <\/div>\n              \n                            <div class=\"desc\">\n                                <div class=\"icon\">\n                  <svg aria-hidden=\"true\" class=\"e-font-icon-svg e-fas-utensils\" viewbox=\"0 0 416 512\" xmlns=\"http:\/\/www.w3.org\/2000\/svg\"><path d=\"M207.9 15.2c.8 4.7 16.1 94.5 16.1 128.8 0 52.3-27.8 89.6-68.9 104.6L168 486.7c.7 13.7-10.2 25.3-24 25.3H80c-13.7 0-24.7-11.5-24-25.3l12.9-238.1C27.7 233.6 0 196.2 0 144 0 109.6 15.3 19.9 16.1 15.2 19.3-5.1 61.4-5.4 64 16.3v141.2c1.3 3.4 15.1 3.2 16 0 1.4-25.3 7.9-139.2 8-141.8 3.3-20.8 44.7-20.8 47.9 0 .2 2.7 6.6 116.5 8 141.8.9 3.2 14.8 3.4 16 0V16.3c2.6-21.6 44.8-21.4 48-1.1zm119.2 285.7l-15 185.1c-1.2 14 9.9 26 23.9 26h56c13.3 0 24-10.7 24-24V24c0-13.2-10.7-24-24-24-82.5 0-221.4 178.5-64.9 300.9z\"><\/path><\/svg>                <\/div>\n                                                <h5 class=\"name\">\n                  <span >\n                    Men\u00fc                  <\/span>\n                <\/h5>\n                              <\/div>\n                          <\/div>\n          <\/div>\n                    <div class=\"col-xs-12 col-sm-12 col-md-12 col-lg-4\">\n            <div class=\"kf-services-item element-anim-1 scroll-animate\" data-animate=\"active\">\n                            <div class=\"image kf-image-hover\">\n                <a  href=\"\/de\/hot-drinks\/\">                  <img decoding=\"async\" src=\"https:\/\/www.cafe-bernstein.berlin\/wp-content\/uploads\/2022\/03\/service2.jpg\" alt=\"Hot Drinks\" \/>\n                <\/a>              <\/div>\n              \n                            <div class=\"desc\">\n                                <div class=\"icon\">\n                  <svg aria-hidden=\"true\" class=\"e-font-icon-svg e-fas-coffee\" viewbox=\"0 0 640 512\" xmlns=\"http:\/\/www.w3.org\/2000\/svg\"><path d=\"M192 384h192c53 0 96-43 96-96h32c70.6 0 128-57.4 128-128S582.6 32 512 32H120c-13.3 0-24 10.7-24 24v232c0 53 43 96 96 96zM512 96c35.3 0 64 28.7 64 64s-28.7 64-64 64h-32V96h32zm47.7 384H48.3c-47.6 0-61-64-36-64h583.3c25 0 11.8 64-35.9 64z\"><\/path><\/svg>                <\/div>\n                                                <h5 class=\"name\">\n                  <span >\n                    Hei\u00dfgetr\u00e4nke                  <\/span>\n                <\/h5>\n                              <\/div>\n                          <\/div>\n          <\/div>\n                    <div class=\"col-xs-12 col-sm-12 col-md-12 col-lg-4\">\n            <div class=\"kf-services-item element-anim-1 scroll-animate\" data-animate=\"active\">\n                            <div class=\"image kf-image-hover\">\n                <a  href=\"\/de\/soft-drinks\/\">                  <img decoding=\"async\" src=\"https:\/\/www.cafe-bernstein.berlin\/wp-content\/uploads\/2022\/03\/service3.jpg\" alt=\"Soft Drinks\" \/>\n                <\/a>              <\/div>\n              \n                            <div class=\"desc\">\n                                <div class=\"icon\">\n                  <svg aria-hidden=\"true\" class=\"e-font-icon-svg e-fas-glass-cheers\" viewbox=\"0 0 640 512\" xmlns=\"http:\/\/www.w3.org\/2000\/svg\"><path d=\"M639.4 433.6c-8.4-20.4-31.8-30.1-52.2-21.6l-22.1 9.2-38.7-101.9c47.9-35 64.8-100.3 34.5-152.8L474.3 16c-8-13.9-25.1-19.7-40-13.6L320 49.8 205.7 2.4c-14.9-6.2-32-.3-40 13.6L79.1 166.5C48.9 219 65.7 284.3 113.6 319.2L74.9 421.1l-22.1-9.2c-20.4-8.5-43.7 1.2-52.2 21.6-1.7 4.1.2 8.8 4.3 10.5l162.3 67.4c4.1 1.7 8.7-.2 10.4-4.3 8.4-20.4-1.2-43.8-21.6-52.3l-22.1-9.2L173.3 342c4.4.5 8.8 1.3 13.1 1.3 51.7 0 99.4-33.1 113.4-85.3l20.2-75.4 20.2 75.4c14 52.2 61.7 85.3 113.4 85.3 4.3 0 8.7-.8 13.1-1.3L506 445.6l-22.1 9.2c-20.4 8.5-30.1 31.9-21.6 52.3 1.7 4.1 6.4 6 10.4 4.3L635.1 444c4-1.7 6-6.3 4.3-10.4zM275.9 162.1l-112.1-46.5 36.5-63.4 94.5 39.2-18.9 70.7zm88.2 0l-18.9-70.7 94.5-39.2 36.5 63.4-112.1 46.5z\"><\/path><\/svg>                <\/div>\n                                                <h5 class=\"name\">\n                  <span >\n                    Soft Drinks                  <\/span>\n                <\/h5>\n                              <\/div>\n                          <\/div>\n          <\/div>\n                  <\/div>\n              <\/div>\n    <\/section>\n\n\t\t\t\t\t\t<\/div>\n\t\t\t\t<\/div>\n\t\t\t\t\t<\/div>\n\t\t<\/div>\n\t\t\t\t\t<\/div>\n\t\t<\/section>\n\t\t\t\t<section class=\"elementor-section elementor-top-section elementor-element elementor-element-9097a8b elementor-section-full_width elementor-section-height-default elementor-section-height-default\" data-id=\"9097a8b\" data-element_type=\"section\" data-settings=\"{&quot;background_background&quot;:&quot;classic&quot;}\">\n\t\t\t\t\t\t<div class=\"elementor-container elementor-column-gap-no\">\n\t\t\t\t\t<div class=\"elementor-column elementor-col-100 elementor-top-column elementor-element elementor-element-80e9cf2\" data-id=\"80e9cf2\" data-element_type=\"column\">\n\t\t\t<div class=\"elementor-widget-wrap elementor-element-populated\">\n\t\t\t\t\t\t<div class=\"elementor-element elementor-element-ddd98e1 elementor-widget elementor-widget-kaffen-about-us\" data-id=\"ddd98e1\" data-element_type=\"widget\" data-widget_type=\"kaffen-about-us.default\">\n\t\t\t\t<div class=\"elementor-widget-container\">\n\t\t\t\t\t\n    <!-- Section About -->\n    <section class=\"section kf-about\">\n      <div class=\"container\">\n\n        <div class=\"row\">\n          <div class=\"col-xs-12 col-sm-12 col-md-12 col-lg-5\">\n                        <div class=\"kf-titles\">\n                            <div class=\"kf-subtitle element-anim-1 scroll-animate\" data-animate=\"active\">\n                <span >\n                  Willkommen im CafeBernstein                <\/span>\n              <\/div>\n                                          <h3 class=\"kf-title element-anim-1 scroll-animate\" data-animate=\"active\">\n                <span >\n                  Juhu, wir haben wieder ge\u00f6ffnet!                <\/span>\n              <\/h3>\n                          <\/div>\n            \n                        <div class=\"kf-text element-anim-1 scroll-animate\" data-animate=\"active\">\n              <div >\n                <p>Nach einer Umbau- und Umzugsphase freuen wir uns, Sie in unserem frisch renovierten Fr\u00fchst\u00fcckscaf\u00e9 am neuen Standort begr\u00fc\u00dfen zu d\u00fcrfen. Es erwarten Sie:<\/p><ul><li data-sourcepos=\"22:1-22:41\">Ein noch gem\u00fctlicheres Ambiente in neuen R\u00e4umlichkeiten<\/li><li data-sourcepos=\"23:1-23:49\">K\u00f6stliche Fr\u00fchst\u00fccksvariationen f\u00fcr jeden Geschmack<\/li><li data-sourcepos=\"24:1-24:30\">Aromatische Kaffeespezialit\u00e4ten<\/li><li data-sourcepos=\"25:1-26:0\">Hausgemachte Kuchen und s\u00fc\u00dfe Leckereien<\/li><\/ul><p>Schauen Sie vorbei und \u00fcberzeugen Sie sich selbst! Wir freuen uns auf Ihren Besuch!<\/p>              <\/div>\n            <\/div>\n            \n                        <div class=\"kf-about-quote element-anim-1 scroll-animate\" data-animate=\"active\">\n                            <img decoding=\"async\" src=\"https:\/\/www.cafe-bernstein.berlin\/wp-content\/uploads\/2024\/10\/cropped-logo.png\" alt=\"image\" \/>\n                                          <div >\n                Freude verbreiten!              <\/div>\n                          <\/div>\n                      <\/div>\n          <div class=\"col-xs-12 col-sm-12 col-md-12 col-lg-7\">\n                        <div class=\"kf-about-image element-anim-1 scroll-animate\" data-animate=\"active\">\n              <img decoding=\"async\" src=\"https:\/\/www.cafe-bernstein.berlin\/wp-content\/uploads\/2024\/12\/PXL_20241116_174620281.RAW-01.COVER_-1-1920x2156.jpg\" alt=\"image\" \/>\n            <\/div>\n                      <\/div>\n        <\/div>\n\n      <\/div>\n    <\/section>\n\n\t\t\t\t\t\t<\/div>\n\t\t\t\t<\/div>\n\t\t\t\t<div class=\"elementor-element elementor-element-45ab6ef elementor-widget elementor-widget-kaffen-restaurant-menu-grid\" data-id=\"45ab6ef\" data-element_type=\"widget\" data-widget_type=\"kaffen-restaurant-menu-grid.default\">\n\t\t\t\t<div class=\"elementor-widget-container\">\n\t\t\t\t\t\n\t\t<!-- Section Menu -->\n\t\t<section class=\"section kf-menu\">\n\t\t\t<div class=\"container\">\n\n\t\t\t\t\t\t\t\t<div class=\"kf-titles align-center\">\n\t\t\t\t\t\t\t\t\t\t<div class=\"kf-subtitle element-anim-1 scroll-animate\" data-animate=\"active\">\n\t\t\t\t\t\t<span >\n\t\t\t\t\t\t\t\tZuf\u00e4llige Auswahl\t\t\t\t\t\t<\/span>\n\t\t\t\t\t<\/div>\n\t\t\t\t\t\t\t\t\t\t\t\t\t\t\t<h3 class=\"kf-title element-anim-1 scroll-animate\" data-animate=\"active\">\n\t\t\t\t\t\t<span >\n\t\t\t\t\t\t\t\tMen\u00fc\t\t\t\t\t\t<\/span>\n\t\t\t\t\t<\/h3>\n\t\t\t\t\t\t\t\t\t<\/div>\n\t\t\t\t\n\t\t\t\t\n\t\t\t\t\t\t\t\t<div class=\"kf-menu-items\" style=\"background-image: url('https:\/\/www.cafe-bernstein.berlin\/wp-content\/uploads\/2022\/03\/menu_logo.png');\">\n\t\t\t\t\t<div class=\"row\">\n\t\t\t\t\t\t\t\t\t\t\t\t<div class=\"col-xs-12 col-sm-12 col-md-12 col-lg-6\">\n\t\t\t\t\t\t\t\n\n<!-- menu item -->\n<div class=\"kf-menu-item element-anim-1 scroll-animate\" data-animate=\"active\">\n\t\t<div class=\"image kf-image-hover\">\n\t\t<a href=\"https:\/\/www.cafe-bernstein.berlin\/wp-content\/uploads\/2024\/10\/ML1A3589-1920x1071.jpg\" data-elementor-open-lightbox=\"yes\" data-elementor-lightbox-title=\"Sucuk\"><img decoding=\"async\" src=\"https:\/\/www.cafe-bernstein.berlin\/wp-content\/uploads\/2024\/10\/ML1A3589-scaled-e1729211016775.jpg\" alt=\"Sucuk\" \/><\/a>\n\t<\/div>\n\t\t<div class=\"desc\">\n\t\t<h5 class=\"name\">Sucuk<\/h5>\n\t\t\t\t<div class=\"subname\">\n\t\t\tR\u00fchrei mit Sucuk (t\u00fcrkischer Knoblauchwurst) und Paprika-Tomatenaufstrich auf getoasteter Brioche mit Schmelzk\u00e4se, Salat\t\t<\/div>\n\t\t\t\t\t\t<div class=\"price\">\n\t\t\t<span>16.50<\/span>\u20ac\t\t<\/div>\n\t\t\t<\/div>\n<\/div>\n<!-- menu item end -->\n\t\t\t\t\t\t<\/div>\n\t\t\t\t\t\t\t\t\t\t\t\t<div class=\"col-xs-12 col-sm-12 col-md-12 col-lg-6\">\n\t\t\t\t\t\t\t\n\n<!-- menu item -->\n<div class=\"kf-menu-item element-anim-1 scroll-animate\" data-animate=\"active\">\n\t\t<div class=\"image kf-image-hover\">\n\t\t<a href=\"https:\/\/www.cafe-bernstein.berlin\/wp-content\/uploads\/2024\/11\/image-coming-soon-placeholder-01-660x660-1.png\" data-elementor-open-lightbox=\"yes\" data-elementor-lightbox-title=\"Vegan Morning (1-2 people)\"><img decoding=\"async\" src=\"https:\/\/www.cafe-bernstein.berlin\/wp-content\/uploads\/2024\/11\/image-coming-soon-placeholder-01-660x660-1.png\" alt=\"Vegan Morning (1-2 people)\" \/><\/a>\n\t<\/div>\n\t\t<div class=\"desc\">\n\t\t<h5 class=\"name\">Vegan Morning (1-2 people)<\/h5>\n\t\t\t\t<div class=\"subname\">\n\t\t\tHummus, hausgemachter Paprika-Tomaten Aufstrich, Guacamole, Sahter, Tomaten-Gurkensalat, Olivensalat, Marmelade, Cous Cous und Mediteran Brot\t\t<\/div>\n\t\t\t\t\t\t<div class=\"price\">\n\t\t\t<span>19.50<\/span>\u20ac\t\t<\/div>\n\t\t\t<\/div>\n<\/div>\n<!-- menu item end -->\n\t\t\t\t\t\t<\/div>\n\t\t\t\t\t\t\t\t\t\t\t\t<div class=\"col-xs-12 col-sm-12 col-md-12 col-lg-6\">\n\t\t\t\t\t\t\t\n\n<!-- menu item -->\n<div class=\"kf-menu-item element-anim-1 scroll-animate\" data-animate=\"active\">\n\t\t<div class=\"image kf-image-hover\">\n\t\t<a href=\"https:\/\/www.cafe-bernstein.berlin\/wp-content\/uploads\/2024\/11\/image-coming-soon-placeholder-01-660x660-1.png\" data-elementor-open-lightbox=\"yes\" data-elementor-lightbox-title=\"Sucuk\"><img decoding=\"async\" src=\"https:\/\/www.cafe-bernstein.berlin\/wp-content\/uploads\/2024\/11\/image-coming-soon-placeholder-01-660x660-1.png\" alt=\"Sucuk\" \/><\/a>\n\t<\/div>\n\t\t<div class=\"desc\">\n\t\t<h5 class=\"name\">Sucuk<\/h5>\n\t\t\t\t<div class=\"subname\">\n\t\t\tSpiegelei mit Sucuk (t\u00fcrkischer Knoblauchwurst) und Paprika-Tomatenaufstrich auf getoastetem Sauerteigbrot mit Schmelzk\u00e4se, Salat\t\t<\/div>\n\t\t\t\t\t\t<div class=\"price\">\n\t\t\t<span>16.50<\/span>\u20ac\t\t<\/div>\n\t\t\t<\/div>\n<\/div>\n<!-- menu item end -->\n\t\t\t\t\t\t<\/div>\n\t\t\t\t\t\t\t\t\t\t\t\t<div class=\"col-xs-12 col-sm-12 col-md-12 col-lg-6\">\n\t\t\t\t\t\t\t\n\n<!-- menu item -->\n<div class=\"kf-menu-item element-anim-1 scroll-animate\" data-animate=\"active\">\n\t\t<div class=\"image kf-image-hover\">\n\t\t<a href=\"https:\/\/www.cafe-bernstein.berlin\/wp-content\/uploads\/2024\/11\/ML1A3728-1920x1075.jpg\" data-elementor-open-lightbox=\"yes\" data-elementor-lightbox-title=\"Fried Veggies (v)\"><img decoding=\"async\" src=\"https:\/\/www.cafe-bernstein.berlin\/wp-content\/uploads\/2024\/11\/ML1A3728-scaled-e1731204446331.jpg\" alt=\"Fried Veggies (v)\" \/><\/a>\n\t<\/div>\n\t\t<div class=\"desc\">\n\t\t<h5 class=\"name\">Fried Veggies (v)<\/h5>\n\t\t\t\t<div class=\"subname\">\n\t\t\tGebratenes Gem\u00fcse mit Hummus und Crispy M\u00f6hren auf getoastetem Sauerteigbrot mit Tomaten-Paprika-So\u00dfe, Salat\t\t<\/div>\n\t\t\t\t\t\t<div class=\"price\">\n\t\t\t<span>17.50<\/span>\u20ac\t\t<\/div>\n\t\t\t<\/div>\n<\/div>\n<!-- menu item end -->\n\t\t\t\t\t\t<\/div>\n\t\t\t\t\t\t\t\t\t\t\t\t<div class=\"col-xs-12 col-sm-12 col-md-12 col-lg-6\">\n\t\t\t\t\t\t\t\n\n<!-- menu item -->\n<div class=\"kf-menu-item element-anim-1 scroll-animate\" data-animate=\"active\">\n\t\t<div class=\"image kf-image-hover\">\n\t\t<a href=\"https:\/\/www.cafe-bernstein.berlin\/wp-content\/uploads\/2024\/11\/ML1A3635-1920x1044.jpg\" data-elementor-open-lightbox=\"yes\" data-elementor-lightbox-title=\"Salmon\"><img decoding=\"async\" src=\"https:\/\/www.cafe-bernstein.berlin\/wp-content\/uploads\/2024\/11\/ML1A3635-scaled-e1731201542372.jpg\" alt=\"Salmon\" \/><\/a>\n\t<\/div>\n\t\t<div class=\"desc\">\n\t\t<h5 class=\"name\">Salmon<\/h5>\n\t\t\t\t<div class=\"subname\">\n\t\t\tR\u00fchrei mit Lachs, Avocado und Honig-Senf Dressing auf getoasteter Brioche mit Schmelzk\u00e4se, Salat\t\t<\/div>\n\t\t\t\t\t\t<div class=\"price\">\n\t\t\t<span>16.50<\/span>\u20ac\t\t<\/div>\n\t\t\t<\/div>\n<\/div>\n<!-- menu item end -->\n\t\t\t\t\t\t<\/div>\n\t\t\t\t\t\t\t\t\t\t\t\t<div class=\"col-xs-12 col-sm-12 col-md-12 col-lg-6\">\n\t\t\t\t\t\t\t\n\n<!-- menu item -->\n<div class=\"kf-menu-item element-anim-1 scroll-animate\" data-animate=\"active\">\n\t\t<div class=\"image kf-image-hover\">\n\t\t<a href=\"https:\/\/www.cafe-bernstein.berlin\/wp-content\/uploads\/2024\/11\/ML1A3661-1920x1179.jpg\" data-elementor-open-lightbox=\"yes\" data-elementor-lightbox-title=\"Powercado\"><img decoding=\"async\" src=\"https:\/\/www.cafe-bernstein.berlin\/wp-content\/uploads\/2024\/11\/ML1A3661-scaled-e1731201799713.jpg\" alt=\"Powercado\" \/><\/a>\n\t<\/div>\n\t\t<div class=\"desc\">\n\t\t<h5 class=\"name\">Powercado<\/h5>\n\t\t\t\t<div class=\"subname\">\n\t\t\tR\u00fchrei mit Avocado auf getoasteter Brioche mit Zitronendressing, Salat\t\t<\/div>\n\t\t\t\t\t\t<div class=\"price\">\n\t\t\t<span>14.50<\/span>\u20ac\t\t<\/div>\n\t\t\t<\/div>\n<\/div>\n<!-- menu item end -->\n\t\t\t\t\t\t<\/div>\n\t\t\t\t\t\t\t\t\t\t\t<\/div>\n\t\t\t\t<\/div>\n\n\t\t\t\t\n\t\t\t\t\t\t\t\t\n\t\t\t<\/div>\n\t\t<\/section>\n\n\t\t\t\t\t\t<\/div>\n\t\t\t\t<\/div>\n\t\t\t\t\t<\/div>\n\t\t<\/div>\n\t\t\t\t\t<\/div>\n\t\t<\/section>\n\t\t\t\t<\/div>","protected":false},"excerpt":{"rendered":"<p>Willkommen bei CafeBernstein Erfahre mehr zum Menu Willkommen bei CafeBernstein Willkommen bei CafeBernstein Menu Hot Drinks Soft Drinks Welcome to CafeBernstein Yay, we&#8217;re back open! After a renovation and relocation period, we are happy to welcome you back to our freshly renovated breakfast caf\u00e9&#8230; <\/p>\n<div class=\"readmore\"><a href=\"https:\/\/www.cafe-bernstein.berlin\/de\/restaurant\/item\/powercado\/\" class=\"kf-btn-link\"><span>Read more<\/span> <i class=\"fas fa-chevron-right\"><\/i><\/a><\/div>","protected":false},"author":1,"featured_media":0,"parent":0,"menu_order":0,"comment_status":"closed","ping_status":"closed","template":"template-layout-builder.php","meta":{"_acf_changed":false,"footnotes":""},"wf_page_folders":[62],"class_list":["post-1482","page","type-page","status-publish","hentry"],"acf":[],"_links":{"self":[{"href":"https:\/\/www.cafe-bernstein.berlin\/de\/wp-json\/wp\/v2\/pages\/1482","targetHints":{"allow":["GET"]}}],"collection":[{"href":"https:\/\/www.cafe-bernstein.berlin\/de\/wp-json\/wp\/v2\/pages"}],"about":[{"href":"https:\/\/www.cafe-bernstein.berlin\/de\/wp-json\/wp\/v2\/types\/page"}],"author":[{"embeddable":true,"href":"https:\/\/www.cafe-bernstein.berlin\/de\/wp-json\/wp\/v2\/users\/1"}],"replies":[{"embeddable":true,"href":"https:\/\/www.cafe-bernstein.berlin\/de\/wp-json\/wp\/v2\/comments?post=1482"}],"version-history":[{"count":40,"href":"https:\/\/www.cafe-bernstein.berlin\/de\/wp-json\/wp\/v2\/pages\/1482\/revisions"}],"predecessor-version":[{"id":2150,"href":"https:\/\/www.cafe-bernstein.berlin\/de\/wp-json\/wp\/v2\/pages\/1482\/revisions\/2150"}],"wp:attachment":[{"href":"https:\/\/www.cafe-bernstein.berlin\/de\/wp-json\/wp\/v2\/media?parent=1482"}],"wp:term":[{"taxonomy":"wf_page_folders","embeddable":true,"href":"https:\/\/www.cafe-bernstein.berlin\/de\/wp-json\/wp\/v2\/wf_page_folders?post=1482"}],"curies":[{"name":"wp","href":"https:\/\/api.w.org\/{rel}","templated":true}]}}