{"id":1483,"date":"2022-03-26T20:47:35","date_gmt":"2022-03-26T20:47:35","guid":{"rendered":"https:\/\/kaffen-demo.bslthemes.com\/?page_id=268"},"modified":"2024-11-10T03:23:22","modified_gmt":"2024-11-10T02:23:22","slug":"about","status":"publish","type":"page","link":"https:\/\/www.cafe-bernstein.berlin\/de\/about\/","title":{"rendered":"About"},"content":{"rendered":"<div data-elementor-type=\"wp-page\" data-elementor-id=\"1483\" class=\"elementor elementor-1483\">\n\t\t\t\t\t\t<section class=\"elementor-section elementor-top-section elementor-element elementor-element-5b0370f elementor-section-full_width elementor-section-height-default elementor-section-height-default\" data-id=\"5b0370f\" data-element_type=\"section\">\n\t\t\t\t\t\t<div class=\"elementor-container elementor-column-gap-no\">\n\t\t\t\t\t<div class=\"elementor-column elementor-col-100 elementor-top-column elementor-element elementor-element-6dcf525\" data-id=\"6dcf525\" data-element_type=\"column\">\n\t\t\t<div class=\"elementor-widget-wrap elementor-element-populated\">\n\t\t\t\t\t\t<div class=\"elementor-element elementor-element-825d744 elementor-widget elementor-widget-kaffen-started\" data-id=\"825d744\" data-element_type=\"widget\" data-widget_type=\"kaffen-started.default\">\n\t\t\t\t<div class=\"elementor-widget-container\">\n\t\t\t\t\t\n    <!-- Section Started Inner -->\n    <section class=\"section kf-started-inner\">\n      <div class=\"kf-parallax-bg js-parallax\" style=\"background-image: url('https:\/\/www.cafe-bernstein.berlin\/wp-content\/uploads\/2024\/09\/9-IMG_5568-scaled.jpg');\"><\/div>\n\t  <div class=\"container\">\n                <h1 class=\"kf-h-title text-anim-1 scroll-animate\" data-splitting=\"chars\" data-animate=\"active\">\n          <span >\n            About Us          <\/span>\n        <\/h1>\n        \n\t\t\t\t<ul class=\"kf-breadcrumbs\"><li><a href=\"https:\/\/www.cafe-bernstein.berlin\/de\" title=\"Cafe Bernstein Berlin\">Startseite<\/a><\/li><li class=\"tst-active\"><a><\/a><\/li><\/ul>      <\/div>\n    <\/section>\n\n\t\t\t\t\t\t<\/div>\n\t\t\t\t<\/div>\n\t\t\t\t\t<\/div>\n\t\t<\/div>\n\t\t\t\t\t<\/div>\n\t\t<\/section>\n\t\t\t\t<section class=\"elementor-section elementor-top-section elementor-element elementor-element-6c0d832 elementor-section-full_width elementor-section-height-default elementor-section-height-default\" data-id=\"6c0d832\" data-element_type=\"section\">\n\t\t\t\t\t\t<div class=\"elementor-container elementor-column-gap-no\">\n\t\t\t\t\t<div class=\"elementor-column elementor-col-100 elementor-top-column elementor-element elementor-element-ea5bc08\" data-id=\"ea5bc08\" data-element_type=\"column\">\n\t\t\t<div class=\"elementor-widget-wrap elementor-element-populated\">\n\t\t\t\t\t\t<div class=\"elementor-element elementor-element-c230a1e elementor-widget elementor-widget-kaffen-about-benefits\" data-id=\"c230a1e\" data-element_type=\"widget\" data-widget_type=\"kaffen-about-benefits.default\">\n\t\t\t\t<div class=\"elementor-widget-container\">\n\t\t\t\t\t\n    <!-- Section Choose -->\n    <section class=\"section kf-choose kf-choose-2\">\n      <div class=\"container\">\n        \n        <div class=\"row\">\n\t\t\t\t\t\n          <div class=\"col-xs-12 col-sm-12 col-md-12 col-lg-5 align-self-center\">\n                        <div class=\"kf-titles\">\n                            <div class=\"kf-subtitle element-anim-1 scroll-animate\" data-animate=\"active\">\n                <span >\n                  About Us                <\/span>\n              <\/div>\n                                          <h3 class=\"kf-title element-anim-1 scroll-animate\" data-animate=\"active\">\n                <span >\n                  Liebe G\u00e4ste                <\/span>\n              <\/h3>\n                          <\/div>\n            \n                        <div class=\"kf-text element-anim-1 scroll-animate\" data-animate=\"active\">\n              <div >\n                <p>hinter unserem Gesch\u00e4ft steckt pure Leidenschaft. Nicht umsonst tr\u00e4gt das 2013 er\u00f6ffnete Caf\u00e9 den Namen meines Gl\u00fccksteins. Gl\u00fcck und Freude soll es mir und euch allen bringen. Fast alle unserer K\u00f6stlichkeiten sind selbst kreierte Rezepte aus eigener K\u00fcche.<\/p><p>Auch unsere Kuchen sind eigene Kreationen und mit voller Leidenschaft, Liebe und der Freude am Backen entstanden. Besonders dankbar bin ich meinen Freunden und G\u00e4sten, f\u00fcr ihre Feedbacks und Rezensionen, die zum individuellen und leckeren Geschmack der verschiedenen Sorten beigetragen haben. Mit euch k\u00f6nnen wir jeden Kuchen geschmacklich perfektionieren. Dabei legen wir sehr viel Wert auf frische und qualitative Zutaten. Ob vegan oder glutenfrei, f\u00fcr jeden ist etwas dabei. Das positive Feedback von euch ist Freude und Antrieb f\u00fcr das Team.<\/p><p>Im Bernstein soll nicht nur euer Geschmacksinn, sondern auch euer Gem\u00fct, Gl\u00fcck versp\u00fcren. Im Caf\u00e9 werdet ihr inspirierende Spr\u00fcche entdecken, die genau diese Philosophie widerspiegeln: <strong>Freude verbreiten!<\/strong><\/p><p>Wir - Cafe Bernstein - hei\u00dfen euch herzlich Willkommen und freuen uns immer wieder neu auf euren Besuch. Lasst uns euch den Alltag vers\u00fc\u00dfen und gemeinsam positive Energie verbreiten.<\/p><p>\u00a0<\/p><p>Euer Cafe-Bernstein<\/p>              <\/div>\n            <\/div>\n            \n            \n                      <\/div>\n\n\t\t\t\t\t<div class=\"col-xs-12 col-sm-12 col-md-12 col-lg-6 offset-lg-1\">\n                        <div class=\"kf-choose-image element-anim-1 scroll-animate\" data-animate=\"active\">\n              <img decoding=\"async\" src=\"https:\/\/www.cafe-bernstein.berlin\/wp-content\/uploads\/2024\/11\/WhatsApp-Bild-2024-11-03-um-16.18.20_e79c88d7-900x1200.jpg\" alt=\"image\" \/>\n            <\/div>\n                      <\/div>\n\n\t\t\t\t\t\n        <\/div>\n\n      <\/div>\n    <\/section>\n\n\t\t\t\t\t\t<\/div>\n\t\t\t\t<\/div>\n\t\t\t\t\t<\/div>\n\t\t<\/div>\n\t\t\t\t\t<\/div>\n\t\t<\/section>\n\t\t\t\t<section class=\"elementor-section elementor-top-section elementor-element elementor-element-cf12063 elementor-section-full_width elementor-section-height-default elementor-section-height-default\" data-id=\"cf12063\" data-element_type=\"section\">\n\t\t\t\t\t\t<div class=\"elementor-container elementor-column-gap-no\">\n\t\t\t\t\t<div class=\"elementor-column elementor-col-100 elementor-top-column elementor-element elementor-element-210ca28\" data-id=\"210ca28\" data-element_type=\"column\">\n\t\t\t<div class=\"elementor-widget-wrap elementor-element-populated\">\n\t\t\t\t\t\t<div class=\"elementor-element elementor-element-9816560 elementor-widget elementor-widget-kaffen-services2\" data-id=\"9816560\" data-element_type=\"widget\" data-widget_type=\"kaffen-services2.default\">\n\t\t\t\t<div class=\"elementor-widget-container\">\n\t\t\t\t\t\n    <!-- Section Services-2 -->\n\t\t<section class=\"section kf-services\">\n\t\t\t<div class=\"container\">\n\t\t\t\t\n\t\t\t\t\t\t\t\t<div class=\"kf-services-items-2 row\">\n\t\t\t\t\t\t\t\t\t\t<div class=\"col-xs-12 col-sm-12 col-md-6 col-lg-3\">\n\t\t\t\t\t\t<div class=\"kf-services-item-2 element-anim-1 scroll-animate\" data-animate=\"active\">\n\t\t\t\t\t\t\t\t\t\t\t\t\t\t<div class=\"image\">\n\t\t\t\t\t\t\t\t\t\t\t\t\t\t\t\t<img decoding=\"async\" src=\"https:\/\/bslthemes.com\/import\/kaffen\/01\/uploads\/2022\/03\/service_icon1.png\" alt=\"Birthday Cakes\" \/>\n\t\t\t\t\t\t\t\t\t\t\t\t\t\t\t<\/div>\n\t\t\t\t\t\t\t\t\t\t\t\t\t\t\t\t\t\t\t\t\t<div class=\"desc\">\n\t\t\t\t\t\t\t\t\t\t\t\t\t\t\t\t<h5 class=\"name\">\n\t\t\t\t\t\t\t\t\t<span >\n                    Birthday Cakes                  <\/span>\n\t\t\t\t\t\t\t\t<\/h5>\n\t\t\t\t\t\t\t\t\t\t\t\t\t\t\t\t\t\t\t\t\t\t\t\t<div class=\"subname\">\n\t\t\t\t\t\t\t\t\t<span >\n                    Sed ut perspiciatis unde                  <\/span>\n\t\t\t\t\t\t\t\t<\/div>\n\t\t\t\t\t\t\t\t\t\t\t\t\t\t\t<\/div>\n\t\t\t\t\t\t\t\t\t\t\t\t\t<\/div>\n\t\t\t\t\t<\/div>\n\t\t\t\t\t\t\t\t\t\t<div class=\"col-xs-12 col-sm-12 col-md-6 col-lg-3\">\n\t\t\t\t\t\t<div class=\"kf-services-item-2 element-anim-1 scroll-animate\" data-animate=\"active\">\n\t\t\t\t\t\t\t\t\t\t\t\t\t\t<div class=\"image\">\n\t\t\t\t\t\t\t\t\t\t\t\t\t\t\t\t<img decoding=\"async\" src=\"https:\/\/bslthemes.com\/import\/kaffen\/01\/uploads\/2022\/03\/service_icon2.png\" alt=\"Fresh Foods\" \/>\n\t\t\t\t\t\t\t\t\t\t\t\t\t\t\t<\/div>\n\t\t\t\t\t\t\t\t\t\t\t\t\t\t\t\t\t\t\t\t\t<div class=\"desc\">\n\t\t\t\t\t\t\t\t\t\t\t\t\t\t\t\t<h5 class=\"name\">\n\t\t\t\t\t\t\t\t\t<span >\n                    Fresh Foods                  <\/span>\n\t\t\t\t\t\t\t\t<\/h5>\n\t\t\t\t\t\t\t\t\t\t\t\t\t\t\t\t\t\t\t\t\t\t\t\t<div class=\"subname\">\n\t\t\t\t\t\t\t\t\t<span >\n                    Sed ut perspiciatis unde                  <\/span>\n\t\t\t\t\t\t\t\t<\/div>\n\t\t\t\t\t\t\t\t\t\t\t\t\t\t\t<\/div>\n\t\t\t\t\t\t\t\t\t\t\t\t\t<\/div>\n\t\t\t\t\t<\/div>\n\t\t\t\t\t\t\t\t\t\t<div class=\"col-xs-12 col-sm-12 col-md-6 col-lg-3\">\n\t\t\t\t\t\t<div class=\"kf-services-item-2 element-anim-1 scroll-animate\" data-animate=\"active\">\n\t\t\t\t\t\t\t\t\t\t\t\t\t\t<div class=\"image\">\n\t\t\t\t\t\t\t\t\t\t\t\t\t\t\t\t<img decoding=\"async\" src=\"https:\/\/bslthemes.com\/import\/kaffen\/01\/uploads\/2022\/03\/service_icon3.png\" alt=\"Skills Chefs\" \/>\n\t\t\t\t\t\t\t\t\t\t\t\t\t\t\t<\/div>\n\t\t\t\t\t\t\t\t\t\t\t\t\t\t\t\t\t\t\t\t\t<div class=\"desc\">\n\t\t\t\t\t\t\t\t\t\t\t\t\t\t\t\t<h5 class=\"name\">\n\t\t\t\t\t\t\t\t\t<span >\n                    Skills Chefs                  <\/span>\n\t\t\t\t\t\t\t\t<\/h5>\n\t\t\t\t\t\t\t\t\t\t\t\t\t\t\t\t\t\t\t\t\t\t\t\t<div class=\"subname\">\n\t\t\t\t\t\t\t\t\t<span >\n                    Sed ut perspiciatis unde                  <\/span>\n\t\t\t\t\t\t\t\t<\/div>\n\t\t\t\t\t\t\t\t\t\t\t\t\t\t\t<\/div>\n\t\t\t\t\t\t\t\t\t\t\t\t\t<\/div>\n\t\t\t\t\t<\/div>\n\t\t\t\t\t\t\t\t\t\t<div class=\"col-xs-12 col-sm-12 col-md-6 col-lg-3\">\n\t\t\t\t\t\t<div class=\"kf-services-item-2 element-anim-1 scroll-animate\" data-animate=\"active\">\n\t\t\t\t\t\t\t\t\t\t\t\t\t\t<div class=\"image\">\n\t\t\t\t\t\t\t\t\t\t\t\t\t\t\t\t<img decoding=\"async\" src=\"https:\/\/bslthemes.com\/import\/kaffen\/01\/uploads\/2022\/03\/service_icon4.png\" alt=\"Organic Juice\" \/>\n\t\t\t\t\t\t\t\t\t\t\t\t\t\t\t<\/div>\n\t\t\t\t\t\t\t\t\t\t\t\t\t\t\t\t\t\t\t\t\t<div class=\"desc\">\n\t\t\t\t\t\t\t\t\t\t\t\t\t\t\t\t<h5 class=\"name\">\n\t\t\t\t\t\t\t\t\t<span >\n                    Organic Juice                  <\/span>\n\t\t\t\t\t\t\t\t<\/h5>\n\t\t\t\t\t\t\t\t\t\t\t\t\t\t\t\t\t\t\t\t\t\t\t\t<div class=\"subname\">\n\t\t\t\t\t\t\t\t\t<span >\n                    Sed ut perspiciatis unde                  <\/span>\n\t\t\t\t\t\t\t\t<\/div>\n\t\t\t\t\t\t\t\t\t\t\t\t\t\t\t<\/div>\n\t\t\t\t\t\t\t\t\t\t\t\t\t<\/div>\n\t\t\t\t\t<\/div>\n\t\t\t\t\t\t\t\t\t<\/div>\n\t\t\t\t\t\t\t<\/div>\n\t\t<\/section>\n\n\t\t\t\t\t\t<\/div>\n\t\t\t\t<\/div>\n\t\t\t\t\t<\/div>\n\t\t<\/div>\n\t\t\t\t\t<\/div>\n\t\t<\/section>\n\t\t\t\t<\/div>","protected":false},"excerpt":{"rendered":"<p>About Us Home About Us Liebe G\u00e4ste hinter unserem Gesch\u00e4ft steckt pure Leidenschaft. Nicht umsonst tr\u00e4gt das 2013 er\u00f6ffnete Caf\u00e9 den Namen meines Gl\u00fccksteins. Gl\u00fcck und Freude soll es mir und euch allen bringen. Fast alle unserer K\u00f6stlichkeiten sind selbst kreierte Rezepte aus eigener&#8230; <\/p>\n<div class=\"readmore\"><a href=\"https:\/\/www.cafe-bernstein.berlin\/de\/about\/\" class=\"kf-btn-link\"><span>Read more<\/span> <i class=\"fas fa-chevron-right\"><\/i><\/a><\/div>","protected":false},"author":1,"featured_media":0,"parent":0,"menu_order":0,"comment_status":"closed","ping_status":"closed","template":"template-layout-builder.php","meta":{"_acf_changed":false,"footnotes":""},"wf_page_folders":[62],"class_list":["post-1483","page","type-page","status-publish","hentry"],"acf":[],"_links":{"self":[{"href":"https:\/\/www.cafe-bernstein.berlin\/de\/wp-json\/wp\/v2\/pages\/1483","targetHints":{"allow":["GET"]}}],"collection":[{"href":"https:\/\/www.cafe-bernstein.berlin\/de\/wp-json\/wp\/v2\/pages"}],"about":[{"href":"https:\/\/www.cafe-bernstein.berlin\/de\/wp-json\/wp\/v2\/types\/page"}],"author":[{"embeddable":true,"href":"https:\/\/www.cafe-bernstein.berlin\/de\/wp-json\/wp\/v2\/users\/1"}],"replies":[{"embeddable":true,"href":"https:\/\/www.cafe-bernstein.berlin\/de\/wp-json\/wp\/v2\/comments?post=1483"}],"version-history":[{"count":7,"href":"https:\/\/www.cafe-bernstein.berlin\/de\/wp-json\/wp\/v2\/pages\/1483\/revisions"}],"predecessor-version":[{"id":1802,"href":"https:\/\/www.cafe-bernstein.berlin\/de\/wp-json\/wp\/v2\/pages\/1483\/revisions\/1802"}],"wp:attachment":[{"href":"https:\/\/www.cafe-bernstein.berlin\/de\/wp-json\/wp\/v2\/media?parent=1483"}],"wp:term":[{"taxonomy":"wf_page_folders","embeddable":true,"href":"https:\/\/www.cafe-bernstein.berlin\/de\/wp-json\/wp\/v2\/wf_page_folders?post=1483"}],"curies":[{"name":"wp","href":"https:\/\/api.w.org\/{rel}","templated":true}]}}