{"id":1553,"date":"2024-10-23T21:11:41","date_gmt":"2024-10-23T19:11:41","guid":{"rendered":"https:\/\/www.cafe-bernstein.berlin\/?page_id=1553"},"modified":"2024-12-26T21:22:17","modified_gmt":"2024-12-26T20:22:17","slug":"breakfast","status":"publish","type":"page","link":"https:\/\/www.cafe-bernstein.berlin\/de\/breakfast\/","title":{"rendered":"Fr\u00fchst\u00fcck"},"content":{"rendered":"<div data-elementor-type=\"wp-page\" data-elementor-id=\"1553\" class=\"elementor elementor-1553\">\n\t\t\t\t\t\t<section class=\"elementor-section elementor-top-section elementor-element elementor-element-a6ab597 elementor-section-full_width elementor-section-height-default elementor-section-height-default\" data-id=\"a6ab597\" data-element_type=\"section\">\n\t\t\t\t\t\t<div class=\"elementor-container elementor-column-gap-no\">\n\t\t\t\t\t<div class=\"elementor-column elementor-col-100 elementor-top-column elementor-element elementor-element-73b275f\" data-id=\"73b275f\" data-element_type=\"column\">\n\t\t\t<div class=\"elementor-widget-wrap elementor-element-populated\">\n\t\t\t\t\t\t<div class=\"elementor-element elementor-element-fc8d565 elementor-widget elementor-widget-kaffen-hero-slider\" data-id=\"fc8d565\" data-element_type=\"widget\" data-widget_type=\"kaffen-hero-slider.default\">\n\t\t\t\t<div class=\"elementor-widget-container\">\n\t\t\t\t\t\n\t\t\t\t<!-- Section Started Slider -->\n\t\t<section class=\"section kf-started-slider\">\n\t\t\t<div class=\"swiper-container\" data-autoplay=\"9000\">\n\t\t\t\t<div class=\"swiper-wrapper\">\n\t\t\t\t\t\t\t\t\t\t<div class=\"swiper-slide\" data-swiper-autoplay>\n\n\t\t\t\t\t\t<div class=\"kf-started-item\">\n\t\t\t\t\t\t\t\t\t\t\t\t\t\t<div class=\"slide js-parallax\" style=\"background-image: url('https:\/\/www.cafe-bernstein.berlin\/wp-content\/uploads\/2024\/10\/ML1A3496-scaled.jpg');\"><\/div>\n\t\t\t\t\t\t\t\t\t\t\t\t\t\t<div class=\"container\">\n\t\t\t\t\t\t\t\t<div class=\"description align-center element-anim-1\">\n\t\t\t\t\t\t\t\t\t\t\t\t\t\t\t\t\t\t\t\t\t\t\t\t\t\t\t<div class=\"name text-anim-1\" data-splitting=\"chars\">\n\t\t\t\t\t\t\t\t\t\t<span >\n\t\t\t\t\t\t\t\t\t\t\tFr\u00fchst\u00fcck\t\t\t\t\t\t\t\t\t\t<\/span>\n\t\t\t\t\t\t\t\t\t<\/div>\n\t\t\t\t\t\t\t\t\t\t\t\t\t\t\t\t\t\t\t\t\t\t\t\t\t\t<\/div>\n\t\t\t\t\t\t\t<\/div>\n\t\t\t\t\t\t<\/div>\n\n\t\t\t\t\t<\/div>\n\t\t\t\t\t\t\t\t\t<\/div>\n\n\t\t\t\t<div class=\"swiper-button-prev\"><\/div>\n\t\t\t\t<div class=\"swiper-button-next\"><\/div>\n\n\t\t\t<\/div>\n\t\t<\/section>\n\n\t\t\n\t\t\t\t\t\t<\/div>\n\t\t\t\t<\/div>\n\t\t\t\t\t<\/div>\n\t\t<\/div>\n\t\t\t\t\t<\/div>\n\t\t<\/section>\n\t\t\t\t<section class=\"elementor-section elementor-top-section elementor-element elementor-element-c2f8259 elementor-section-full_width elementor-section-height-default elementor-section-height-default\" data-id=\"c2f8259\" data-element_type=\"section\" data-settings=\"{&quot;background_background&quot;:&quot;classic&quot;}\">\n\t\t\t\t\t\t<div class=\"elementor-container elementor-column-gap-no\">\n\t\t\t\t\t<div class=\"elementor-column elementor-col-100 elementor-top-column elementor-element elementor-element-fe0fe89\" data-id=\"fe0fe89\" data-element_type=\"column\">\n\t\t\t<div class=\"elementor-widget-wrap elementor-element-populated\">\n\t\t\t\t\t\t<div class=\"elementor-element elementor-element-71b90d1 elementor-widget elementor-widget-kaffen-about-categories\" data-id=\"71b90d1\" data-element_type=\"widget\" data-widget_type=\"kaffen-about-categories.default\">\n\t\t\t\t<div class=\"elementor-widget-container\">\n\t\t\t\t\t\n\t\t<!-- Section Category -->\n\t\t<section class=\"section kf-category\">\n\t\t\t<div class=\"container\">\n\n\t\t\t\t<div class=\"row\">\n\t\t\t\t\t<div class=\"col-xs-12 col-sm-12 col-md-12 col-lg-6\">\n\t\t\t\t\t\t\t\t\t\t\t\t<div class=\"kf-category-items element-anim-1 scroll-animate\" data-animate=\"active\">\n\t\t\t\t\t\t\t\t\t\t\t\t\t\t<div class=\"kf-category-item\">\n\t\t\t\t\t\t\t\t\t\t\t\t\t\t\t\t<div class=\"image kf-image-hover\">\n\t\t\t\t\t\t\t\t\t\t\t\t\t\t\t\t\t\t<img decoding=\"async\" src=\"https:\/\/www.cafe-bernstein.berlin\/wp-content\/uploads\/2024\/11\/ML1A3496-900x600.jpg\" alt=\"Orient Morning\" \/>\n\t\t\t\t\t\t\t\t\t\t\t\t\t\t\t\t\t<\/div>\n\t\t\t\t\t\t\t\t\t\t\t\t\t\t\t\t<div class=\"desc\">\n\t\t\t\t\t\t\t\t\t\t\t\t\t\t\t\t\t\t<h5 class=\"name\">\n\t\t\t\t\t\t\t\t\t\t<span >\n\t\t\t\t\t\t\t\t\t\t\tOrient Morning\t\t\t\t\t\t\t\t\t\t<\/span>\n\t\t\t\t\t\t\t\t\t<\/h5>\n\t\t\t\t\t\t\t\t\t\t\t\t\t\t\t\t\t<\/div>\n\t\t\t\t\t\t\t<\/div>\n\t\t\t\t\t\t\t\t\t\t\t\t\t\t<div class=\"kf-category-item\">\n\t\t\t\t\t\t\t\t\t\t\t\t\t\t\t\t<div class=\"image kf-image-hover\">\n\t\t\t\t\t\t\t\t\t\t\t\t\t\t\t\t\t\t<img decoding=\"async\" src=\"https:\/\/www.cafe-bernstein.berlin\/wp-content\/uploads\/2024\/11\/ML1A3747-900x575.jpg\" alt=\"Granola\" \/>\n\t\t\t\t\t\t\t\t\t\t\t\t\t\t\t\t\t<\/div>\n\t\t\t\t\t\t\t\t\t\t\t\t\t\t\t\t<div class=\"desc\">\n\t\t\t\t\t\t\t\t\t\t\t\t\t\t\t\t\t\t<h5 class=\"name\">\n\t\t\t\t\t\t\t\t\t\t<span >\n\t\t\t\t\t\t\t\t\t\t\tGranola\t\t\t\t\t\t\t\t\t\t<\/span>\n\t\t\t\t\t\t\t\t\t<\/h5>\n\t\t\t\t\t\t\t\t\t\t\t\t\t\t\t\t\t<\/div>\n\t\t\t\t\t\t\t<\/div>\n\t\t\t\t\t\t\t\t\t\t\t\t\t<\/div>\n\t\t\t\t\t\t\t\t\t\t\t<\/div>\n\t\t\t\t\t<div class=\"col-xs-12 col-sm-12 col-md-12 col-lg-5 offset-lg-1 align-self-center\">\n\n\t\t\t\t\t\t            <div class=\"kf-titles\">\n                            <div class=\"kf-subtitle element-anim-1 scroll-animate\" data-animate=\"active\">\n                <span >\n                  Orient Morning                <\/span>\n              <\/div>\n                                          <h3 class=\"kf-title element-anim-1 scroll-animate\" data-animate=\"active\">\n                <span >\n                  Ein Hauch des Orients <br>\nauf Ihrem Fr\u00fchst\u00fcckstisch                <\/span>\n              <\/h3>\n                          <\/div>\n            \n                        <div class=\"kf-text element-anim-1 scroll-animate\" data-animate=\"active\">\n              <div >\n                <p>Stellen Sie sich vor, Sie sitzen in einem gem\u00fctlichen Caf\u00e9 an der t\u00fcrkischen Mittelmeerk\u00fcste, w\u00e4hrend die ersten Sonnenstrahlen den Tag erhellen. Unser \"Orient Morning\" Fr\u00fchst\u00fccks-Tablett bringt diese Atmosph\u00e4re direkt zu Ihnen.<\/p><p>\u00a0<\/p><p>Eine sorgf\u00e4ltige Auswahl an traditionellen t\u00fcrkischen Delikatessen erwartet Sie: Frische Oliven, cremiger Schafsk\u00e4se, kr\u00e4ftig gew\u00fcrzter Sucuk und knuspriges Fladenbrot \u2013 all das und mehr laden Sie zu einer genussvollen Reise in den Orient ein. Jeder Bissen weckt Erinnerungen an die warmen Aromen und herzliche Gastfreundschaft der t\u00fcrkischen Kultur.<\/p><p>\u00a0<\/p><p>Lassen Sie sich von uns in den Tag begleiten \u2013 so k\u00f6stlich wie ein Morgen in Istanbul.<\/p>              <\/div>\n            <\/div>\n            \n\t\t\t\t\t\t\n\t\t\t\t\t<\/div>\n\t\t\t\t<\/div>\n\n\t\t\t<\/div>\n\t\t<\/section>\n\n\t\t\t\t\t\t<\/div>\n\t\t\t\t<\/div>\n\t\t\t\t\t<\/div>\n\t\t<\/div>\n\t\t\t\t\t<\/div>\n\t\t<\/section>\n\t\t\t\t<section class=\"elementor-section elementor-top-section elementor-element elementor-element-e2c893d elementor-section-full_width elementor-section-height-default elementor-section-height-default\" data-id=\"e2c893d\" data-element_type=\"section\" data-settings=\"{&quot;background_background&quot;:&quot;classic&quot;}\">\n\t\t\t\t\t\t\t<div class=\"elementor-background-overlay\"><\/div>\n\t\t\t\t\t\t\t<div class=\"elementor-container elementor-column-gap-no\">\n\t\t\t\t\t<div class=\"elementor-column elementor-col-100 elementor-top-column elementor-element elementor-element-ea9d074\" data-id=\"ea9d074\" data-element_type=\"column\">\n\t\t\t<div class=\"elementor-widget-wrap elementor-element-populated\">\n\t\t\t\t\t\t<div class=\"elementor-element elementor-element-55b80cb elementor-widget elementor-widget-kaffen-restaurant-menu-grid\" data-id=\"55b80cb\" data-element_type=\"widget\" data-widget_type=\"kaffen-restaurant-menu-grid.default\">\n\t\t\t\t<div class=\"elementor-widget-container\">\n\t\t\t\t\t\n\t\t<!-- Section Menu -->\n\t\t<section class=\"section kf-menu-classic\">\n\t\t\t<div class=\"container\">\n\n\t\t\t\t\t\t\t\t<div class=\"kf-titles align-center\">\n\t\t\t\t\t\t\t\t\t\t\t\t\t\t\t<h3 class=\"kf-title element-anim-1 scroll-animate\" data-animate=\"active\">\n\t\t\t\t\t\t<span >\n\t\t\t\t\t\t\t\tBreakfast Menus\t\t\t\t\t\t<\/span>\n\t\t\t\t\t<\/h3>\n\t\t\t\t\t\t\t\t\t<\/div>\n\t\t\t\t\n\t\t\t\t\n\t\t\t\t\t\t\t\t<div class=\"kf-menu-items\">\n\t\t\t\t\t<div class=\"row\">\n\t\t\t\t\t\t\t\t\t\t\t\t<div class=\"col-xs-12 col-sm-12 col-md-6 col-lg-4\">\n\t\t\t\t\t\t\t\n\n<!-- menu item -->\n<div class=\"kf-menu-item element-anim-1 scroll-animate\" data-animate=\"active\">\n\t\t<div class=\"image kf-image-hover\">\n\t\t<a href=\"https:\/\/www.cafe-bernstein.berlin\/wp-content\/uploads\/2024\/11\/ML1A3747-1-1920x1227.jpg\" data-elementor-open-lightbox=\"yes\" data-elementor-lightbox-title=\"Granola\"><img decoding=\"async\" src=\"https:\/\/www.cafe-bernstein.berlin\/wp-content\/uploads\/2024\/11\/ML1A3747-1-scaled.jpg\" alt=\"Granola\" \/><\/a>\n\t<\/div>\n\t\t<div class=\"desc\">\n\t\t<h5 class=\"name\">Granola<\/h5>\n\t\t\t\t<div class=\"subname\">\n\t\t\tYogurt, seasonal fruits, berry coulis\t\t<\/div>\n\t\t\t\t\t\t<div class=\"price\">\n\t\t\t<span>10.50<\/span>\u20ac\t\t<\/div>\n\t\t\t<\/div>\n<\/div>\n<!-- menu item end -->\n\t\t\t\t\t\t<\/div>\n\t\t\t\t\t\t\t\t\t\t\t\t<div class=\"col-xs-12 col-sm-12 col-md-6 col-lg-4\">\n\t\t\t\t\t\t\t\n\n<!-- menu item -->\n<div class=\"kf-menu-item element-anim-1 scroll-animate\" data-animate=\"active\">\n\t\t<div class=\"image kf-image-hover\">\n\t\t<a href=\"https:\/\/www.cafe-bernstein.berlin\/wp-content\/uploads\/2025\/01\/Bildschirmfoto-2025-01-07-um-20.40.30.png\" data-elementor-open-lightbox=\"yes\" data-elementor-lightbox-title=\"French Toast\"><img decoding=\"async\" src=\"https:\/\/www.cafe-bernstein.berlin\/wp-content\/uploads\/2025\/01\/Bildschirmfoto-2025-01-07-um-20.40.30.png\" alt=\"French Toast\" \/><\/a>\n\t<\/div>\n\t\t<div class=\"desc\">\n\t\t<h5 class=\"name\">French Toast<\/h5>\n\t\t\t\t<div class=\"subname\">\n\t\t\tFrench Toast mit Saison-Fr\u00fcchte und Vanillesauce\t\t<\/div>\n\t\t\t\t\t\t<div class=\"price\">\n\t\t\t<span>14.50<\/span>\u20ac\t\t<\/div>\n\t\t\t<\/div>\n<\/div>\n<!-- menu item end -->\n\t\t\t\t\t\t<\/div>\n\t\t\t\t\t\t\t\t\t\t\t\t<div class=\"col-xs-12 col-sm-12 col-md-6 col-lg-4\">\n\t\t\t\t\t\t\t\n\n<!-- menu item -->\n<div class=\"kf-menu-item element-anim-1 scroll-animate\" data-animate=\"active\">\n\t\t<div class=\"image kf-image-hover\">\n\t\t<a href=\"https:\/\/www.cafe-bernstein.berlin\/wp-content\/uploads\/2024\/10\/ML1A3450-1920x1280.jpg\" data-elementor-open-lightbox=\"yes\" data-elementor-lightbox-title=\"Orient Morning (1-2 people)\"><img decoding=\"async\" src=\"https:\/\/www.cafe-bernstein.berlin\/wp-content\/uploads\/2024\/10\/ML1A3450-scaled.jpg\" alt=\"Orient Morning (1-2 people)\" \/><\/a>\n\t<\/div>\n\t\t<div class=\"desc\">\n\t\t<h5 class=\"name\">Orient Morning (1-2 people)<\/h5>\n\t\t\t\t<div class=\"subname\">\n\t\t\tSucuk, Menemen, Hummus, hausgemachter Paprika-Tomaten Aufstrich, Kr\u00e4utercreme, Schafsk\u00e4se, Gouda, Sahter, Tomaten-Gurkensalat, Olivensalat, Sesampaste + Traubenmelasse, Butter, Simit, Mediteran Brot und Pisi (ausgebackene Teigtasche)\t\t<\/div>\n\t\t\t\t\t\t<div class=\"price\">\n\t\t\t<span>24.50<\/span>\u20ac\t\t<\/div>\n\t\t\t<\/div>\n<\/div>\n<!-- menu item end -->\n\t\t\t\t\t\t<\/div>\n\t\t\t\t\t\t\t\t\t\t\t\t<div class=\"col-xs-12 col-sm-12 col-md-6 col-lg-4\">\n\t\t\t\t\t\t\t\n\n<!-- menu item -->\n<div class=\"kf-menu-item element-anim-1 scroll-animate\" data-animate=\"active\">\n\t\t<div class=\"image kf-image-hover\">\n\t\t<a href=\"https:\/\/www.cafe-bernstein.berlin\/wp-content\/uploads\/2024\/11\/image-coming-soon-placeholder-01-660x660-1.png\" data-elementor-open-lightbox=\"yes\" data-elementor-lightbox-title=\"Vegan Morning (1-2 people)\"><img decoding=\"async\" src=\"https:\/\/www.cafe-bernstein.berlin\/wp-content\/uploads\/2024\/11\/image-coming-soon-placeholder-01-660x660-1.png\" alt=\"Vegan Morning (1-2 people)\" \/><\/a>\n\t<\/div>\n\t\t<div class=\"desc\">\n\t\t<h5 class=\"name\">Vegan Morning (1-2 people)<\/h5>\n\t\t\t\t<div class=\"subname\">\n\t\t\tHummus, hausgemachter Paprika-Tomaten Aufstrich, Guacamole, Sahter, Tomaten-Gurkensalat, Olivensalat, Marmelade, Cous Cous und Mediteran Brot\t\t<\/div>\n\t\t\t\t\t\t<div class=\"price\">\n\t\t\t<span>19.50<\/span>\u20ac\t\t<\/div>\n\t\t\t<\/div>\n<\/div>\n<!-- menu item end -->\n\t\t\t\t\t\t<\/div>\n\t\t\t\t\t\t\t\t\t\t\t<\/div>\n\t\t\t\t<\/div>\n\n\t\t\t\t        <div class=\"knsl-pagination\">\n\t\t\t\t\t        <\/div>\n\t\t\t\t\n\t\t\t\t\t\t\t\t\n\t\t\t<\/div>\n\t\t<\/section>\n\n\t\t\t\t\t\t<\/div>\n\t\t\t\t<\/div>\n\t\t\t\t\t<\/div>\n\t\t<\/div>\n\t\t\t\t\t<\/div>\n\t\t<\/section>\n\t\t\t\t<\/div>","protected":false},"excerpt":{"rendered":"<p>Breakfast Orient Morning Granola Orient Morning A Touch of the Orient on Your Breakfast Table Imagine yourself sitting in a cozy caf\u00e9 on the Turkish Mediterranean coast as the first rays of sunshine illuminate the day. Our &#8220;Orient Morning&#8221; breakfast tray brings this atmosphere&#8230; <\/p>\n<div class=\"readmore\"><a href=\"https:\/\/www.cafe-bernstein.berlin\/de\/restaurant\/item\/vegan-morning-1-2-people\/\" class=\"kf-btn-link\"><span>Read more<\/span> <i class=\"fas fa-chevron-right\"><\/i><\/a><\/div>","protected":false},"author":1,"featured_media":0,"parent":0,"menu_order":0,"comment_status":"closed","ping_status":"closed","template":"template-layout-builder.php","meta":{"_acf_changed":false,"footnotes":""},"wf_page_folders":[64],"class_list":["post-1553","page","type-page","status-publish","hentry"],"acf":[],"_links":{"self":[{"href":"https:\/\/www.cafe-bernstein.berlin\/de\/wp-json\/wp\/v2\/pages\/1553","targetHints":{"allow":["GET"]}}],"collection":[{"href":"https:\/\/www.cafe-bernstein.berlin\/de\/wp-json\/wp\/v2\/pages"}],"about":[{"href":"https:\/\/www.cafe-bernstein.berlin\/de\/wp-json\/wp\/v2\/types\/page"}],"author":[{"embeddable":true,"href":"https:\/\/www.cafe-bernstein.berlin\/de\/wp-json\/wp\/v2\/users\/1"}],"replies":[{"embeddable":true,"href":"https:\/\/www.cafe-bernstein.berlin\/de\/wp-json\/wp\/v2\/comments?post=1553"}],"version-history":[{"count":38,"href":"https:\/\/www.cafe-bernstein.berlin\/de\/wp-json\/wp\/v2\/pages\/1553\/revisions"}],"predecessor-version":[{"id":2126,"href":"https:\/\/www.cafe-bernstein.berlin\/de\/wp-json\/wp\/v2\/pages\/1553\/revisions\/2126"}],"wp:attachment":[{"href":"https:\/\/www.cafe-bernstein.berlin\/de\/wp-json\/wp\/v2\/media?parent=1553"}],"wp:term":[{"taxonomy":"wf_page_folders","embeddable":true,"href":"https:\/\/www.cafe-bernstein.berlin\/de\/wp-json\/wp\/v2\/wf_page_folders?post=1553"}],"curies":[{"name":"wp","href":"https:\/\/api.w.org\/{rel}","templated":true}]}}