{"id":1599,"date":"2024-10-23T21:57:07","date_gmt":"2024-10-23T19:57:07","guid":{"rendered":"https:\/\/www.cafe-bernstein.berlin\/?page_id=1599"},"modified":"2024-11-11T01:50:07","modified_gmt":"2024-11-11T00:50:07","slug":"crispy-brioche","status":"publish","type":"page","link":"https:\/\/www.cafe-bernstein.berlin\/de\/crispy-brioche\/","title":{"rendered":"Brioche"},"content":{"rendered":"<div data-elementor-type=\"wp-page\" data-elementor-id=\"1599\" class=\"elementor elementor-1599\">\n\t\t\t\t\t\t<section class=\"elementor-section elementor-top-section elementor-element elementor-element-a6ab597 elementor-section-full_width elementor-section-height-default elementor-section-height-default\" data-id=\"a6ab597\" data-element_type=\"section\">\n\t\t\t\t\t\t<div class=\"elementor-container elementor-column-gap-no\">\n\t\t\t\t\t<div class=\"elementor-column elementor-col-100 elementor-top-column elementor-element elementor-element-73b275f\" data-id=\"73b275f\" data-element_type=\"column\">\n\t\t\t<div class=\"elementor-widget-wrap elementor-element-populated\">\n\t\t\t\t\t\t<div class=\"elementor-element elementor-element-fc8d565 elementor-widget elementor-widget-kaffen-hero-slider\" data-id=\"fc8d565\" data-element_type=\"widget\" data-widget_type=\"kaffen-hero-slider.default\">\n\t\t\t\t<div class=\"elementor-widget-container\">\n\t\t\t\t\t\n\t\t\t\t<!-- Section Started Slider -->\n\t\t<section class=\"section kf-started-slider\">\n\t\t\t<div class=\"swiper-container\" data-autoplay=\"9000\">\n\t\t\t\t<div class=\"swiper-wrapper\">\n\t\t\t\t\t\t\t\t\t\t<div class=\"swiper-slide\" data-swiper-autoplay>\n\n\t\t\t\t\t\t<div class=\"kf-started-item\">\n\t\t\t\t\t\t\t\t\t\t\t\t\t\t<div class=\"slide js-parallax\" style=\"background-image: url('https:\/\/www.cafe-bernstein.berlin\/wp-content\/uploads\/2024\/11\/ML1A3580-scaled.jpg');\"><\/div>\n\t\t\t\t\t\t\t\t\t\t\t\t\t\t<div class=\"container\">\n\t\t\t\t\t\t\t\t<div class=\"description align-center element-anim-1\">\n\t\t\t\t\t\t\t\t\t\t\t\t\t\t\t\t\t\t\t\t\t\t\t\t\t\t\t<div class=\"name text-anim-1\" data-splitting=\"chars\">\n\t\t\t\t\t\t\t\t\t\t<span >\n\t\t\t\t\t\t\t\t\t\t\tBrioche\t\t\t\t\t\t\t\t\t\t<\/span>\n\t\t\t\t\t\t\t\t\t<\/div>\n\t\t\t\t\t\t\t\t\t\t\t\t\t\t\t\t\t\t\t\t\t\t\t\t\t\t<\/div>\n\t\t\t\t\t\t\t<\/div>\n\t\t\t\t\t\t<\/div>\n\n\t\t\t\t\t<\/div>\n\t\t\t\t\t\t\t\t\t\t<div class=\"swiper-slide\" data-swiper-autoplay>\n\n\t\t\t\t\t\t<div class=\"kf-started-item\">\n\t\t\t\t\t\t\t\t\t\t\t\t\t\t<div class=\"slide js-parallax\" style=\"background-image: url('https:\/\/www.cafe-bernstein.berlin\/wp-content\/uploads\/2024\/11\/ML1A3589-scaled.jpg');\"><\/div>\n\t\t\t\t\t\t\t\t\t\t\t\t\t\t<div class=\"container\">\n\t\t\t\t\t\t\t\t<div class=\"description align-center element-anim-1\">\n\t\t\t\t\t\t\t\t\t\t\t\t\t\t\t\t\t\t\t\t\t\t\t\t\t\t\t<div class=\"name text-anim-1\" data-splitting=\"chars\">\n\t\t\t\t\t\t\t\t\t\t<span >\n\t\t\t\t\t\t\t\t\t\t\tBrioche\t\t\t\t\t\t\t\t\t\t<\/span>\n\t\t\t\t\t\t\t\t\t<\/div>\n\t\t\t\t\t\t\t\t\t\t\t\t\t\t\t\t\t\t\t\t\t\t\t\t\t\t<\/div>\n\t\t\t\t\t\t\t<\/div>\n\t\t\t\t\t\t<\/div>\n\n\t\t\t\t\t<\/div>\n\t\t\t\t\t\t\t\t\t<\/div>\n\n\t\t\t\t<div class=\"swiper-button-prev\"><\/div>\n\t\t\t\t<div class=\"swiper-button-next\"><\/div>\n\n\t\t\t<\/div>\n\t\t<\/section>\n\n\t\t\n\t\t\t\t\t\t<\/div>\n\t\t\t\t<\/div>\n\t\t\t\t\t<\/div>\n\t\t<\/div>\n\t\t\t\t\t<\/div>\n\t\t<\/section>\n\t\t\t\t<section class=\"elementor-section elementor-top-section elementor-element elementor-element-c2f8259 elementor-section-full_width elementor-section-height-default elementor-section-height-default\" data-id=\"c2f8259\" data-element_type=\"section\" data-settings=\"{&quot;background_background&quot;:&quot;classic&quot;}\">\n\t\t\t\t\t\t<div class=\"elementor-container elementor-column-gap-no\">\n\t\t\t\t\t<div class=\"elementor-column elementor-col-100 elementor-top-column elementor-element elementor-element-fe0fe89\" data-id=\"fe0fe89\" data-element_type=\"column\">\n\t\t\t<div class=\"elementor-widget-wrap elementor-element-populated\">\n\t\t\t\t\t\t<div class=\"elementor-element elementor-element-71b90d1 elementor-widget elementor-widget-kaffen-about-categories\" data-id=\"71b90d1\" data-element_type=\"widget\" data-widget_type=\"kaffen-about-categories.default\">\n\t\t\t\t<div class=\"elementor-widget-container\">\n\t\t\t\t\t\n\t\t<!-- Section Category -->\n\t\t<section class=\"section kf-category\">\n\t\t\t<div class=\"container\">\n\n\t\t\t\t<div class=\"row\">\n\t\t\t\t\t<div class=\"col-xs-12 col-sm-12 col-md-12 col-lg-6\">\n\t\t\t\t\t\t\t\t\t\t\t\t<div class=\"kf-category-items element-anim-1 scroll-animate\" data-animate=\"active\">\n\t\t\t\t\t\t\t\t\t\t\t\t\t\t<div class=\"kf-category-item\">\n\t\t\t\t\t\t\t\t\t\t\t\t\t\t\t\t<div class=\"image kf-image-hover\">\n\t\t\t\t\t\t\t\t\t\t\t\t\t\t\t\t\t\t<img decoding=\"async\" src=\"https:\/\/www.cafe-bernstein.berlin\/wp-content\/uploads\/2024\/10\/ML1A3580-scaled-e1729210896968-900x900.jpg\" alt=\"Natur\" \/>\n\t\t\t\t\t\t\t\t\t\t\t\t\t\t\t\t\t<\/div>\n\t\t\t\t\t\t\t\t\t\t\t\t\t\t\t\t<div class=\"desc\">\n\t\t\t\t\t\t\t\t\t\t\t\t\t\t\t\t\t\t<h5 class=\"name\">\n\t\t\t\t\t\t\t\t\t\t<span >\n\t\t\t\t\t\t\t\t\t\t\tNatur\t\t\t\t\t\t\t\t\t\t<\/span>\n\t\t\t\t\t\t\t\t\t<\/h5>\n\t\t\t\t\t\t\t\t\t\t\t\t\t\t\t\t\t<\/div>\n\t\t\t\t\t\t\t<\/div>\n\t\t\t\t\t\t\t\t\t\t\t\t\t\t<div class=\"kf-category-item\">\n\t\t\t\t\t\t\t\t\t\t\t\t\t\t\t\t<div class=\"image kf-image-hover\">\n\t\t\t\t\t\t\t\t\t\t\t\t\t\t\t\t\t\t<img decoding=\"async\" src=\"https:\/\/www.cafe-bernstein.berlin\/wp-content\/uploads\/2024\/10\/ML1A3589-scaled-e1729211016775-900x900.jpg\" alt=\"Spicy Sausage\" \/>\n\t\t\t\t\t\t\t\t\t\t\t\t\t\t\t\t\t<\/div>\n\t\t\t\t\t\t\t\t\t\t\t\t\t\t\t\t<div class=\"desc\">\n\t\t\t\t\t\t\t\t\t\t\t\t\t\t\t\t\t\t<h5 class=\"name\">\n\t\t\t\t\t\t\t\t\t\t<span >\n\t\t\t\t\t\t\t\t\t\t\tSpicy Sausage\t\t\t\t\t\t\t\t\t\t<\/span>\n\t\t\t\t\t\t\t\t\t<\/h5>\n\t\t\t\t\t\t\t\t\t\t\t\t\t\t\t\t\t<\/div>\n\t\t\t\t\t\t\t<\/div>\n\t\t\t\t\t\t\t\t\t\t\t\t\t\t<div class=\"kf-category-item\">\n\t\t\t\t\t\t\t\t\t\t\t\t\t\t\t\t<div class=\"image kf-image-hover\">\n\t\t\t\t\t\t\t\t\t\t\t\t\t\t\t\t\t\t<img decoding=\"async\" src=\"https:\/\/www.cafe-bernstein.berlin\/wp-content\/uploads\/2024\/10\/ML1A3598-scaled-e1729713825216-900x900.jpg\" alt=\"Beef Bacon\" \/>\n\t\t\t\t\t\t\t\t\t\t\t\t\t\t\t\t\t<\/div>\n\t\t\t\t\t\t\t\t\t\t\t\t\t\t\t\t<div class=\"desc\">\n\t\t\t\t\t\t\t\t\t\t\t\t\t\t\t\t\t\t<h5 class=\"name\">\n\t\t\t\t\t\t\t\t\t\t<span >\n\t\t\t\t\t\t\t\t\t\t\tBeef Bacon\t\t\t\t\t\t\t\t\t\t<\/span>\n\t\t\t\t\t\t\t\t\t<\/h5>\n\t\t\t\t\t\t\t\t\t\t\t\t\t\t\t\t\t<\/div>\n\t\t\t\t\t\t\t<\/div>\n\t\t\t\t\t\t\t\t\t\t\t\t\t\t<div class=\"kf-category-item\">\n\t\t\t\t\t\t\t\t\t\t\t\t\t\t\t\t<div class=\"image kf-image-hover\">\n\t\t\t\t\t\t\t\t\t\t\t\t\t\t\t\t\t\t<img decoding=\"async\" src=\"https:\/\/www.cafe-bernstein.berlin\/wp-content\/uploads\/2024\/10\/ML1A3621-scaled-e1729714017510-900x900.jpg\" alt=\"Popeye\" \/>\n\t\t\t\t\t\t\t\t\t\t\t\t\t\t\t\t\t<\/div>\n\t\t\t\t\t\t\t\t\t\t\t\t\t\t\t\t<div class=\"desc\">\n\t\t\t\t\t\t\t\t\t\t\t\t\t\t\t\t\t\t<h5 class=\"name\">\n\t\t\t\t\t\t\t\t\t\t<span >\n\t\t\t\t\t\t\t\t\t\t\tPopeye\t\t\t\t\t\t\t\t\t\t<\/span>\n\t\t\t\t\t\t\t\t\t<\/h5>\n\t\t\t\t\t\t\t\t\t\t\t\t\t\t\t\t\t<\/div>\n\t\t\t\t\t\t\t<\/div>\n\t\t\t\t\t\t\t\t\t\t\t\t\t<\/div>\n\t\t\t\t\t\t\t\t\t\t\t<\/div>\n\t\t\t\t\t<div class=\"col-xs-12 col-sm-12 col-md-12 col-lg-5 offset-lg-1 align-self-center\">\n\n\t\t\t\t\t\t            <div class=\"kf-titles\">\n                            <div class=\"kf-subtitle element-anim-1 scroll-animate\" data-animate=\"active\">\n                <span >\n                  Brioche                <\/span>\n              <\/div>\n                                          <h3 class=\"kf-title element-anim-1 scroll-animate\" data-animate=\"active\">\n                <span >\n                  Ein himmlisch weiches Fr\u00fchst\u00fcckserlebnis                <\/span>\n              <\/h3>\n                          <\/div>\n            \n                        <div class=\"kf-text element-anim-1 scroll-animate\" data-animate=\"active\">\n              <div >\n                <p>Unsere Brioche ist der perfekte Begleiter f\u00fcr ein gem\u00fctliches Fr\u00fchst\u00fcck. Au\u00dfen goldbraun und leicht knusprig, innen weich und fluffig \u2013 ein Bissen und Sie sp\u00fcren die Liebe, die in jede Backstunde gesteckt wird. Doch bei uns bleibt es nicht nur bei der klassischen Brioche.<\/p><p>\u00a0<\/p><p>W\u00e4hlen Sie aus verschiedenen k\u00f6stlichen Varianten: Die Brioche mit Ei ist ein Klassiker f\u00fcr all jene, die es einfach und doch herzhaft m\u00f6gen. F\u00fcr einen kr\u00e4ftigeren Geschmack bieten wir unsere Brioche auch mit saftig-w\u00fcrziger Sucuk oder aromatischem Pastirma an \u2013 zwei typische Zutaten, die Ihrem Fr\u00fchst\u00fcck eine authentisch orientalische Note verleihen.<\/p><p>\u00a0<\/p><p>Ob s\u00fc\u00df oder herzhaft, unsere Brioche-Kreationen bieten f\u00fcr jeden Geschmack das Richtige und machen jedes Fr\u00fchst\u00fcck zu einem besonderen Moment.<\/p>              <\/div>\n            <\/div>\n            \n\t\t\t\t\t\t\n\t\t\t\t\t<\/div>\n\t\t\t\t<\/div>\n\n\t\t\t<\/div>\n\t\t<\/section>\n\n\t\t\t\t\t\t<\/div>\n\t\t\t\t<\/div>\n\t\t\t\t\t<\/div>\n\t\t<\/div>\n\t\t\t\t\t<\/div>\n\t\t<\/section>\n\t\t\t\t<section class=\"elementor-section elementor-top-section elementor-element elementor-element-e2c893d elementor-section-full_width elementor-section-height-default elementor-section-height-default\" data-id=\"e2c893d\" data-element_type=\"section\" data-settings=\"{&quot;background_background&quot;:&quot;classic&quot;}\">\n\t\t\t\t\t\t<div class=\"elementor-container elementor-column-gap-no\">\n\t\t\t\t\t<div class=\"elementor-column elementor-col-100 elementor-top-column elementor-element elementor-element-ea9d074\" data-id=\"ea9d074\" data-element_type=\"column\">\n\t\t\t<div class=\"elementor-widget-wrap elementor-element-populated\">\n\t\t\t\t\t\t<div class=\"elementor-element elementor-element-55b80cb elementor-widget elementor-widget-kaffen-restaurant-menu-grid\" data-id=\"55b80cb\" data-element_type=\"widget\" data-widget_type=\"kaffen-restaurant-menu-grid.default\">\n\t\t\t\t<div class=\"elementor-widget-container\">\n\t\t\t\t\t\n\t\t<!-- Section Menu -->\n\t\t<section class=\"section kf-menu\">\n\t\t\t<div class=\"container\">\n\n\t\t\t\t\t\t\t\t<div class=\"kf-titles align-center\">\n\t\t\t\t\t\t\t\t\t\t\t\t\t\t\t<h3 class=\"kf-title element-anim-1 scroll-animate\" data-animate=\"active\">\n\t\t\t\t\t\t<span >\n\t\t\t\t\t\t\t\tCrispy Brioche Menu\t\t\t\t\t\t<\/span>\n\t\t\t\t\t<\/h3>\n\t\t\t\t\t\t\t\t\t<\/div>\n\t\t\t\t\n\t\t\t\t\n\t\t\t\t\t\t\t\t<div class=\"kf-menu-items\">\n\t\t\t\t\t<div class=\"row\">\n\t\t\t\t\t\t\t\t\t\t\t\t<div class=\"col-xs-12 col-sm-12 col-md-12 col-lg-6\">\n\t\t\t\t\t\t\t\n\n<!-- menu item -->\n<div class=\"kf-menu-item element-anim-1 scroll-animate\" data-animate=\"active\">\n\t\t<div class=\"image kf-image-hover\">\n\t\t<a href=\"https:\/\/www.cafe-bernstein.berlin\/wp-content\/uploads\/2024\/10\/ML1A3580-1920x928.jpg\" data-elementor-open-lightbox=\"yes\" data-elementor-lightbox-title=\"Eggtastic\"><img decoding=\"async\" src=\"https:\/\/www.cafe-bernstein.berlin\/wp-content\/uploads\/2024\/10\/ML1A3580-scaled-e1729210896968.jpg\" alt=\"Eggtastic\" \/><\/a>\n\t<\/div>\n\t\t<div class=\"desc\">\n\t\t<h5 class=\"name\">Eggtastic<\/h5>\n\t\t\t\t<div class=\"subname\">\n\t\t\tR\u00fchrei auf getoasteter Brioche mit Schmelzk\u00e4se, Salat\t\t<\/div>\n\t\t\t\t\t\t<div class=\"price\">\n\t\t\t<span>10.50<\/span>\u20ac\t\t<\/div>\n\t\t\t<\/div>\n<\/div>\n<!-- menu item end -->\n\t\t\t\t\t\t<\/div>\n\t\t\t\t\t\t\t\t\t\t\t\t<div class=\"col-xs-12 col-sm-12 col-md-12 col-lg-6\">\n\t\t\t\t\t\t\t\n\n<!-- menu item -->\n<div class=\"kf-menu-item element-anim-1 scroll-animate\" data-animate=\"active\">\n\t\t<div class=\"image kf-image-hover\">\n\t\t<a href=\"https:\/\/www.cafe-bernstein.berlin\/wp-content\/uploads\/2024\/11\/ML1A3661-1920x1179.jpg\" data-elementor-open-lightbox=\"yes\" data-elementor-lightbox-title=\"Powercado\"><img decoding=\"async\" src=\"https:\/\/www.cafe-bernstein.berlin\/wp-content\/uploads\/2024\/11\/ML1A3661-scaled-e1731201799713.jpg\" alt=\"Powercado\" \/><\/a>\n\t<\/div>\n\t\t<div class=\"desc\">\n\t\t<h5 class=\"name\">Powercado<\/h5>\n\t\t\t\t<div class=\"subname\">\n\t\t\tR\u00fchrei mit Avocado auf getoasteter Brioche mit Zitronendressing, Salat\t\t<\/div>\n\t\t\t\t\t\t<div class=\"price\">\n\t\t\t<span>14.50<\/span>\u20ac\t\t<\/div>\n\t\t\t<\/div>\n<\/div>\n<!-- menu item end -->\n\t\t\t\t\t\t<\/div>\n\t\t\t\t\t\t\t\t\t\t\t\t<div class=\"col-xs-12 col-sm-12 col-md-12 col-lg-6\">\n\t\t\t\t\t\t\t\n\n<!-- menu item -->\n<div class=\"kf-menu-item element-anim-1 scroll-animate\" data-animate=\"active\">\n\t\t<div class=\"image kf-image-hover\">\n\t\t<a href=\"https:\/\/www.cafe-bernstein.berlin\/wp-content\/uploads\/2024\/10\/ML1A3621-1920x1045.jpg\" data-elementor-open-lightbox=\"yes\" data-elementor-lightbox-title=\"Popeye\"><img decoding=\"async\" src=\"https:\/\/www.cafe-bernstein.berlin\/wp-content\/uploads\/2024\/10\/ML1A3621-scaled-e1729714017510.jpg\" alt=\"Popeye\" \/><\/a>\n\t<\/div>\n\t\t<div class=\"desc\">\n\t\t<h5 class=\"name\">Popeye<\/h5>\n\t\t\t\t<div class=\"subname\">\n\t\t\tR\u00fchrei mit Champignon-Spinat auf getoasteter Brioche mit Schmelzk\u00e4se, So\u00dfe, Salat\t\t<\/div>\n\t\t\t\t\t\t<div class=\"price\">\n\t\t\t<span>14.50<\/span>\u20ac\t\t<\/div>\n\t\t\t<\/div>\n<\/div>\n<!-- menu item end -->\n\t\t\t\t\t\t<\/div>\n\t\t\t\t\t\t\t\t\t\t\t\t<div class=\"col-xs-12 col-sm-12 col-md-12 col-lg-6\">\n\t\t\t\t\t\t\t\n\n<!-- menu item -->\n<div class=\"kf-menu-item element-anim-1 scroll-animate\" data-animate=\"active\">\n\t\t<div class=\"image kf-image-hover\">\n\t\t<a href=\"https:\/\/www.cafe-bernstein.berlin\/wp-content\/uploads\/2024\/11\/ML1A3646-1920x1280.jpg\" data-elementor-open-lightbox=\"yes\" data-elementor-lightbox-title=\"Spicy Chicken\"><img decoding=\"async\" src=\"https:\/\/www.cafe-bernstein.berlin\/wp-content\/uploads\/2024\/11\/ML1A3646-scaled-e1731201337206.jpg\" alt=\"Spicy Chicken\" \/><\/a>\n\t<\/div>\n\t\t<div class=\"desc\">\n\t\t<h5 class=\"name\">Spicy Chicken<\/h5>\n\t\t\t\t<div class=\"subname\">\n\t\t\tR\u00fchrei mit H\u00fchnchen und Wasabicreme auf getoasteter Brioche mit Teriyaki So\u00dfe, Salat\t\t<\/div>\n\t\t\t\t\t\t<div class=\"price\">\n\t\t\t<span>15.50<\/span>\u20ac\t\t<\/div>\n\t\t\t<\/div>\n<\/div>\n<!-- menu item end -->\n\t\t\t\t\t\t<\/div>\n\t\t\t\t\t\t\t\t\t\t\t\t<div class=\"col-xs-12 col-sm-12 col-md-12 col-lg-6\">\n\t\t\t\t\t\t\t\n\n<!-- menu item -->\n<div class=\"kf-menu-item element-anim-1 scroll-animate\" data-animate=\"active\">\n\t\t<div class=\"image kf-image-hover\">\n\t\t<a href=\"https:\/\/www.cafe-bernstein.berlin\/wp-content\/uploads\/2024\/10\/ML1A3589-1920x1071.jpg\" data-elementor-open-lightbox=\"yes\" data-elementor-lightbox-title=\"Sucuk\"><img decoding=\"async\" src=\"https:\/\/www.cafe-bernstein.berlin\/wp-content\/uploads\/2024\/10\/ML1A3589-scaled-e1729211016775.jpg\" alt=\"Sucuk\" \/><\/a>\n\t<\/div>\n\t\t<div class=\"desc\">\n\t\t<h5 class=\"name\">Sucuk<\/h5>\n\t\t\t\t<div class=\"subname\">\n\t\t\tR\u00fchrei mit Sucuk (t\u00fcrkischer Knoblauchwurst) und Paprika-Tomatenaufstrich auf getoasteter Brioche mit Schmelzk\u00e4se, Salat\t\t<\/div>\n\t\t\t\t\t\t<div class=\"price\">\n\t\t\t<span>16.50<\/span>\u20ac\t\t<\/div>\n\t\t\t<\/div>\n<\/div>\n<!-- menu item end -->\n\t\t\t\t\t\t<\/div>\n\t\t\t\t\t\t\t\t\t\t\t\t<div class=\"col-xs-12 col-sm-12 col-md-12 col-lg-6\">\n\t\t\t\t\t\t\t\n\n<!-- menu item -->\n<div class=\"kf-menu-item element-anim-1 scroll-animate\" data-animate=\"active\">\n\t\t<div class=\"image kf-image-hover\">\n\t\t<a href=\"https:\/\/www.cafe-bernstein.berlin\/wp-content\/uploads\/2024\/10\/ML1A3598-1920x933.jpg\" data-elementor-open-lightbox=\"yes\" data-elementor-lightbox-title=\"Beef Bacon\"><img decoding=\"async\" src=\"https:\/\/www.cafe-bernstein.berlin\/wp-content\/uploads\/2024\/10\/ML1A3598-scaled-e1729713825216.jpg\" alt=\"Beef Bacon\" \/><\/a>\n\t<\/div>\n\t\t<div class=\"desc\">\n\t\t<h5 class=\"name\">Beef Bacon<\/h5>\n\t\t\t\t<div class=\"subname\">\n\t\t\tR\u00fchrei mit Pastirma (Rinderschinken) und Hummus auf getoasteter Brioche mit Schelzk\u00e4se, Salat\t\t<\/div>\n\t\t\t\t\t\t<div class=\"price\">\n\t\t\t<span>16.50<\/span>\u20ac\t\t<\/div>\n\t\t\t<\/div>\n<\/div>\n<!-- menu item end -->\n\t\t\t\t\t\t<\/div>\n\t\t\t\t\t\t\t\t\t\t\t\t<div class=\"col-xs-12 col-sm-12 col-md-12 col-lg-6\">\n\t\t\t\t\t\t\t\n\n<!-- menu item -->\n<div class=\"kf-menu-item element-anim-1 scroll-animate\" data-animate=\"active\">\n\t\t<div class=\"image kf-image-hover\">\n\t\t<a href=\"https:\/\/www.cafe-bernstein.berlin\/wp-content\/uploads\/2024\/11\/ML1A3635-1920x1044.jpg\" data-elementor-open-lightbox=\"yes\" data-elementor-lightbox-title=\"Salmon\"><img decoding=\"async\" src=\"https:\/\/www.cafe-bernstein.berlin\/wp-content\/uploads\/2024\/11\/ML1A3635-scaled-e1731201542372.jpg\" alt=\"Salmon\" \/><\/a>\n\t<\/div>\n\t\t<div class=\"desc\">\n\t\t<h5 class=\"name\">Salmon<\/h5>\n\t\t\t\t<div class=\"subname\">\n\t\t\tR\u00fchrei mit Lachs, Avocado und Honig-Senf Dressing auf getoasteter Brioche mit Schmelzk\u00e4se, Salat\t\t<\/div>\n\t\t\t\t\t\t<div class=\"price\">\n\t\t\t<span>16.50<\/span>\u20ac\t\t<\/div>\n\t\t\t<\/div>\n<\/div>\n<!-- menu item end -->\n\t\t\t\t\t\t<\/div>\n\t\t\t\t\t\t\t\t\t\t\t<\/div>\n\t\t\t\t<\/div>\n\n\t\t\t\t        <div class=\"knsl-pagination\">\n\t\t\t\t\t        <\/div>\n\t\t\t\t\n\t\t\t\t\t\t\t\t\n\t\t\t<\/div>\n\t\t<\/section>\n\n\t\t\t\t\t\t<\/div>\n\t\t\t\t<\/div>\n\t\t\t\t\t<\/div>\n\t\t<\/div>\n\t\t\t\t\t<\/div>\n\t\t<\/section>\n\t\t\t\t<\/div>","protected":false},"excerpt":{"rendered":"<p>Brioche Brioche Natur Spicy Sausage Beef Bacon Popeye Crispy Brioche A Heavenly Soft Breakfast Delight Our brioche is the perfect companion for a cozy breakfast. With a golden, slightly crispy exterior and a soft, fluffy inside, every bite reveals the love and care that&#8230; <\/p>\n<div class=\"readmore\"><a href=\"https:\/\/www.cafe-bernstein.berlin\/de\/restaurant\/item\/salmon\/\" class=\"kf-btn-link\"><span>Read more<\/span> <i class=\"fas fa-chevron-right\"><\/i><\/a><\/div>","protected":false},"author":1,"featured_media":0,"parent":0,"menu_order":0,"comment_status":"closed","ping_status":"closed","template":"template-layout-builder.php","meta":{"_acf_changed":false,"footnotes":""},"wf_page_folders":[64],"class_list":["post-1599","page","type-page","status-publish","hentry"],"acf":[],"_links":{"self":[{"href":"https:\/\/www.cafe-bernstein.berlin\/de\/wp-json\/wp\/v2\/pages\/1599","targetHints":{"allow":["GET"]}}],"collection":[{"href":"https:\/\/www.cafe-bernstein.berlin\/de\/wp-json\/wp\/v2\/pages"}],"about":[{"href":"https:\/\/www.cafe-bernstein.berlin\/de\/wp-json\/wp\/v2\/types\/page"}],"author":[{"embeddable":true,"href":"https:\/\/www.cafe-bernstein.berlin\/de\/wp-json\/wp\/v2\/users\/1"}],"replies":[{"embeddable":true,"href":"https:\/\/www.cafe-bernstein.berlin\/de\/wp-json\/wp\/v2\/comments?post=1599"}],"version-history":[{"count":40,"href":"https:\/\/www.cafe-bernstein.berlin\/de\/wp-json\/wp\/v2\/pages\/1599\/revisions"}],"predecessor-version":[{"id":1856,"href":"https:\/\/www.cafe-bernstein.berlin\/de\/wp-json\/wp\/v2\/pages\/1599\/revisions\/1856"}],"wp:attachment":[{"href":"https:\/\/www.cafe-bernstein.berlin\/de\/wp-json\/wp\/v2\/media?parent=1599"}],"wp:term":[{"taxonomy":"wf_page_folders","embeddable":true,"href":"https:\/\/www.cafe-bernstein.berlin\/de\/wp-json\/wp\/v2\/wf_page_folders?post=1599"}],"curies":[{"name":"wp","href":"https:\/\/api.w.org\/{rel}","templated":true}]}}